{"id":1013,"date":"2019-01-13T21:28:05","date_gmt":"2019-01-14T02:28:05","guid":{"rendered":"http:\/\/www.tigas.com.co\/newsite\/?page_id=1013"},"modified":"2019-03-08T18:33:28","modified_gmt":"2019-03-08T23:33:28","slug":"estaciones","status":"publish","type":"page","link":"http:\/\/www.tigas.com.co\/newsite\/estaciones\/","title":{"rendered":"Estaciones de Regulaci\u00f3n y Medici\u00f3n"},"content":{"rendered":"<p>[et_pb_section bb_built=\u00bb1&#8243; _builder_version=\u00bb3.0.106&#8243; background_image=\u00bbhttp:\/\/www.tigas.com.co\/newsite\/wp-content\/uploads\/2018\/08\/gas.jpg\u00bb parallax=\u00bbon\u00bb parallax_method=\u00bboff\u00bb next_background_color=\u00bb#262626&#8243;][et_pb_row _builder_version=\u00bb3.0.106&#8243; parallax=\u00bbon\u00bb][et_pb_column type=\u00bb4_4&#8243;][et_pb_slider show_arrows=\u00bboff\u00bb show_pagination=\u00bboff\u00bb _builder_version=\u00bb3.0.106&#8243; animation_style=\u00bbfade\u00bb animation_duration=\u00bb500ms\u00bb auto=\u00bbon\u00bb auto_speed=\u00bb4000&#8243; auto_ignore_hover=\u00bbon\u00bb custom_button=\u00bboff\u00bb button_icon_placement=\u00bbright\u00bb show_content_on_mobile=\u00bbon\u00bb show_cta_on_mobile=\u00bbon\u00bb show_image_video_mobile=\u00bboff\u00bb saved_tabs=\u00bball\u00bb global_module=\u00bb1149&#8243;][et_pb_slide use_bg_overlay=\u00bboff\u00bb use_text_overlay=\u00bboff\u00bb _builder_version=\u00bb3.0.106&#8243; background_image=\u00bbhttp:\/\/www.tigas.com.co\/newsite\/wp-content\/uploads\/2018\/08\/banner_inicio1.jpg\u00bb \/][et_pb_slide use_bg_overlay=\u00bboff\u00bb use_text_overlay=\u00bboff\u00bb _builder_version=\u00bb3.0.106&#8243; background_image=\u00bbhttp:\/\/www.tigas.com.co\/newsite\/wp-content\/uploads\/2018\/08\/banner_inicio2-1.jpg\u00bb \/][et_pb_slide use_bg_overlay=\u00bboff\u00bb use_text_overlay=\u00bboff\u00bb _builder_version=\u00bb3.0.106&#8243; background_image=\u00bbhttp:\/\/www.tigas.com.co\/newsite\/wp-content\/uploads\/2018\/11\/banner_inicio3.jpg\u00bb custom_button=\u00bboff\u00bb button_on_hover=\u00bbon\u00bb \/][et_pb_slide use_bg_overlay=\u00bboff\u00bb use_text_overlay=\u00bboff\u00bb _builder_version=\u00bb3.0.106&#8243; background_image=\u00bbhttp:\/\/www.tigas.com.co\/newsite\/wp-content\/uploads\/2018\/12\/banner_inicio4.jpg\u00bb custom_button=\u00bboff\u00bb button_on_hover=\u00bbon\u00bb \/][et_pb_slide use_bg_overlay=\u00bboff\u00bb use_text_overlay=\u00bboff\u00bb _builder_version=\u00bb3.0.106&#8243; background_image=\u00bbhttp:\/\/www.tigas.com.co\/newsite\/wp-content\/uploads\/2019\/03\/banner_inicio5.jpg\u00bb custom_button=\u00bboff\u00bb button_on_hover=\u00bbon\u00bb use_background_color_gradient=\u00bboff\u00bb background_color_gradient_start=\u00bb#2b87da\u00bb background_color_gradient_end=\u00bb#29c4a9&#8243; background_color_gradient_type=\u00bblinear\u00bb background_color_gradient_direction=\u00bb180deg\u00bb background_color_gradient_direction_radial=\u00bbcenter\u00bb background_color_gradient_start_position=\u00bb0%\u00bb background_color_gradient_end_position=\u00bb100%\u00bb background_color_gradient_overlays_image=\u00bboff\u00bb parallax=\u00bboff\u00bb parallax_method=\u00bbon\u00bb background_size=\u00bbcover\u00bb background_position=\u00bbcenter\u00bb background_repeat=\u00bbno-repeat\u00bb background_blend=\u00bbnormal\u00bb allow_player_pause=\u00bboff\u00bb background_video_pause_outside_viewport=\u00bbon\u00bb text_border_radius=\u00bb3&#8243; alignment=\u00bbcenter\u00bb child_filter_hue_rotate=\u00bb0deg\u00bb child_filter_saturate=\u00bb100%\u00bb child_filter_brightness=\u00bb100%\u00bb child_filter_contrast=\u00bb100%\u00bb child_filter_invert=\u00bb0%\u00bb child_filter_sepia=\u00bb0%\u00bb child_filter_opacity=\u00bb100%\u00bb child_filter_blur=\u00bb0px\u00bb child_mix_blend_mode=\u00bbnormal\u00bb background_layout=\u00bbdark\u00bb text_shadow_style=\u00bbnone\u00bb header_text_shadow_style=\u00bbnone\u00bb body_text_shadow_style=\u00bbnone\u00bb button_bg_use_color_gradient=\u00bboff\u00bb button_bg_color_gradient_overlays_image=\u00bboff\u00bb button_use_icon=\u00bbon\u00bb button_text_shadow_style=\u00bbnone\u00bb box_shadow_style_button=\u00bbnone\u00bb \/][\/et_pb_slider][\/et_pb_column][\/et_pb_row][et_pb_row custom_padding=\u00bb0|0px|0|0px\u00bb custom_margin=\u00bb25px|||\u00bb background_color=\u00bb#ffffff\u00bb _builder_version=\u00bb3.0.106&#8243; custom_margin_tablet=\u00bb0px|||\u00bb custom_margin_last_edited=\u00bbon|phone\u00bb][et_pb_column type=\u00bb4_4&#8243;][et_pb_text admin_label=\u00bbEstaciones de regulaci\u00f3n y medici\u00f3n\u00bb _builder_version=\u00bb3.0.106&#8243; text_text_shadow_style=\u00bbpreset1&#8243; text_text_shadow_horizontal_length=\u00bb0.2em\u00bb text_text_shadow_vertical_length=\u00bb0.12em\u00bb text_text_shadow_blur_strength=\u00bb0.13em\u00bb background_color=\u00bb#ffffff\u00bb custom_margin=\u00bb|||\u00bb custom_padding=\u00bb30px||30px|\u00bb animation_style=\u00bbfade\u00bb inline_fonts=\u00bbComfortaa\u00bb]<\/p>\n<h1 style=\"text-align: center;\">Estaciones de regulaci\u00f3n y medici\u00f3n, para toda aplicaci\u00f3n<\/h1>\n<p>[\/et_pb_text][\/et_pb_column][\/et_pb_row][et_pb_row custom_padding=\u00bb0px||50px|\u00bb custom_padding_phone=\u00bb0px|0px|0|0px\u00bb custom_margin=\u00bb0px|||\u00bb background_color=\u00bb#ffffff\u00bb padding_bottom_1=\u00bb0px\u00bb disabled_on=\u00bboff|off|\u00bb custom_padding_last_edited=\u00bbon|tablet\u00bb _builder_version=\u00bb3.0.106&#8243; custom_margin_tablet=\u00bb0px||0px|\u00bb custom_margin_last_edited=\u00bbon|desktop\u00bb animation_style=\u00bbfade\u00bb disabled=\u00bboff\u00bb][et_pb_column type=\u00bb4_4&#8243;][et_pb_gallery gallery_ids=\u00bb1021,1020,1019,1018,1017&#8243; fullwidth=\u00bbon\u00bb _builder_version=\u00bb3.0.106&#8243; pagination_font_size_tablet=\u00bb51&#8243; pagination_line_height_tablet=\u00bb2&#8243; background_color=\u00bb#ffffff\u00bb max_width=\u00bb70%\u00bb max_width_tablet=\u00bb100%\u00bb max_width_last_edited=\u00bbon|desktop\u00bb module_alignment=\u00bbcenter\u00bb custom_padding=\u00bb50px|||\u00bb animation_style=\u00bbfade\u00bb auto=\u00bbon\u00bb auto_speed=\u00bb4000&#8243; show_title_and_caption=\u00bbon\u00bb show_pagination=\u00bbon\u00bb orientation=\u00bblandscape\u00bb zoom_icon_color=\u00bb#2ea3f2&#8243; hover_overlay_color=\u00bbrgba(255,255,255,0.9)\u00bb background_layout=\u00bblight\u00bb]<\/p>\n<p>&nbsp;<\/p>\n<p>[\/et_pb_gallery][\/et_pb_column][\/et_pb_row][\/et_pb_section][et_pb_section bb_built=\u00bb1&#8243; _builder_version=\u00bb3.0.106&#8243; background_color=\u00bb#262626&#8243; animation_style=\u00bbfade\u00bb prev_background_color=\u00bb#ffffff\u00bb global_module=\u00bb201&#8243;][et_pb_row global_parent=\u00bb201&#8243; make_fullwidth=\u00bbon\u00bb _builder_version=\u00bb3.0.106&#8243; animation_style=\u00bbfade\u00bb][et_pb_column type=\u00bb1_4&#8243;][et_pb_blurb admin_label=\u00bbemail\u00bb global_parent=\u00bb201&#8243; title=\u00bbventas@tigas.com.co\u00bb use_icon=\u00bbon\u00bb font_icon=\u00bb%%238%%\u00bb icon_color=\u00bb#e09900&#8243; icon_placement=\u00bbleft\u00bb background_layout=\u00bbdark\u00bb use_icon_font_size=\u00bbon\u00bb icon_font_size=\u00bb27px\u00bb _builder_version=\u00bb3.0.106&#8243; header_font=\u00bbComfortaa||||||||\u00bb header_text_color=\u00bb#e09900&#8243; custom_margin=\u00bb|||\u00bb custom_padding=\u00bb|||\u00bb url=\u00bbmailto:ventas@tigas.com.co\u00bb url_new_window=\u00bboff\u00bb use_circle=\u00bboff\u00bb use_circle_border=\u00bboff\u00bb \/][\/et_pb_column][et_pb_column type=\u00bb1_4&#8243;][et_pb_blurb admin_label=\u00bbtelefono\u00bb global_parent=\u00bb201&#8243; title=\u00bb(+57 4) 270 83 31 &#8211; 332 12 99&#8243; use_icon=\u00bbon\u00bb font_icon=\u00bb%%264%%\u00bb icon_color=\u00bb#e09900&#8243; icon_placement=\u00bbleft\u00bb background_layout=\u00bbdark\u00bb use_icon_font_size=\u00bbon\u00bb icon_font_size=\u00bb27px\u00bb _builder_version=\u00bb3.0.106&#8243; header_font=\u00bbComfortaa||||||||\u00bb header_text_color=\u00bb#e09900&#8243; custom_margin=\u00bb|||\u00bb custom_padding=\u00bb|||\u00bb url_new_window=\u00bboff\u00bb use_circle=\u00bboff\u00bb use_circle_border=\u00bboff\u00bb \/][\/et_pb_column][et_pb_column type=\u00bb1_4&#8243;][et_pb_blurb admin_label=\u00bbdireccion\u00bb global_parent=\u00bb201&#8243; title=\u00bbTransversal 32 A Sur # 33-14 &#8211; Envigado\u00bb use_icon=\u00bbon\u00bb font_icon=\u00bb%%270%%\u00bb icon_color=\u00bb#e09900&#8243; icon_placement=\u00bbleft\u00bb background_layout=\u00bbdark\u00bb use_icon_font_size=\u00bbon\u00bb icon_font_size=\u00bb27px\u00bb _builder_version=\u00bb3.0.106&#8243; header_font=\u00bbComfortaa||||||||\u00bb header_text_color=\u00bb#e09900&#8243; custom_margin=\u00bb|||\u00bb custom_padding=\u00bb|||\u00bb url_new_window=\u00bboff\u00bb use_circle=\u00bboff\u00bb use_circle_border=\u00bboff\u00bb \/][\/et_pb_column][et_pb_column type=\u00bb1_4&#8243;][et_pb_blurb admin_label=\u00bbpol\u00edtica de tratamiento de datos\u00bb global_parent=\u00bb201&#8243; title=\u00bbConozca nuestra pol\u00edtica de tratamiento de datos\u00bb use_icon=\u00bbon\u00bb font_icon=\u00bb%%98%%\u00bb icon_color=\u00bb#e09900&#8243; icon_placement=\u00bbleft\u00bb background_layout=\u00bbdark\u00bb use_icon_font_size=\u00bbon\u00bb icon_font_size=\u00bb27px\u00bb _builder_version=\u00bb3.0.106&#8243; header_font=\u00bbComfortaa||||||||\u00bb header_text_color=\u00bb#e09900&#8243; custom_margin=\u00bb|||\u00bb custom_padding=\u00bb|||\u00bb url_new_window=\u00bboff\u00bb use_circle=\u00bboff\u00bb use_circle_border=\u00bboff\u00bb url=\u00bbhttp:\/\/www.tigas.com.co\/newsite\/politica-de-tratamiento-de-datos\/\u00bb \/][\/et_pb_column][\/et_pb_row][\/et_pb_section]<\/p>\n","protected":false},"excerpt":{"rendered":"<p>[et_pb_section bb_built=\u00bb1&#8243; _builder_version=\u00bb3.0.106&#8243; background_image=\u00bbhttp:\/\/www.tigas.com.co\/newsite\/wp-content\/uploads\/2018\/08\/gas.jpg\u00bb parallax=\u00bbon\u00bb parallax_method=\u00bboff\u00bb next_background_color=\u00bb#262626&#8243;][et_pb_row _builder_version=\u00bb3.0.106&#8243; parallax=\u00bbon\u00bb][et_pb_column type=\u00bb4_4&#8243;][et_pb_slider show_arrows=\u00bboff\u00bb show_pagination=\u00bboff\u00bb _builder_version=\u00bb3.0.106&#8243; animation_style=\u00bbfade\u00bb animation_duration=\u00bb500ms\u00bb auto=\u00bbon\u00bb auto_speed=\u00bb4000&#8243; auto_ignore_hover=\u00bbon\u00bb custom_button=\u00bboff\u00bb button_icon_placement=\u00bbright\u00bb show_content_on_mobile=\u00bbon\u00bb show_cta_on_mobile=\u00bbon\u00bb show_image_video_mobile=\u00bboff\u00bb saved_tabs=\u00bball\u00bb global_module=\u00bb1149&#8243;][et_pb_slide use_bg_overlay=\u00bboff\u00bb use_text_overlay=\u00bboff\u00bb _builder_version=\u00bb3.0.106&#8243; background_image=\u00bbhttp:\/\/www.tigas.com.co\/newsite\/wp-content\/uploads\/2018\/08\/banner_inicio1.jpg\u00bb \/][et_pb_slide use_bg_overlay=\u00bboff\u00bb use_text_overlay=\u00bboff\u00bb _builder_version=\u00bb3.0.106&#8243; background_image=\u00bbhttp:\/\/www.tigas.com.co\/newsite\/wp-content\/uploads\/2018\/08\/banner_inicio2-1.jpg\u00bb \/][et_pb_slide use_bg_overlay=\u00bboff\u00bb use_text_overlay=\u00bboff\u00bb _builder_version=\u00bb3.0.106&#8243; background_image=\u00bbhttp:\/\/www.tigas.com.co\/newsite\/wp-content\/uploads\/2018\/11\/banner_inicio3.jpg\u00bb custom_button=\u00bboff\u00bb button_on_hover=\u00bbon\u00bb \/][et_pb_slide use_bg_overlay=\u00bboff\u00bb use_text_overlay=\u00bboff\u00bb _builder_version=\u00bb3.0.106&#8243; background_image=\u00bbhttp:\/\/www.tigas.com.co\/newsite\/wp-content\/uploads\/2018\/12\/banner_inicio4.jpg\u00bb custom_button=\u00bboff\u00bb button_on_hover=\u00bbon\u00bb \/][et_pb_slide use_bg_overlay=\u00bboff\u00bb use_text_overlay=\u00bboff\u00bb _builder_version=\u00bb3.0.106&#8243; background_image=\u00bbhttp:\/\/www.tigas.com.co\/newsite\/wp-content\/uploads\/2019\/03\/banner_inicio5.jpg\u00bb custom_button=\u00bboff\u00bb button_on_hover=\u00bbon\u00bb [&hellip;]<\/p>\n","protected":false},"author":3,"featured_media":0,"parent":0,"menu_order":0,"comment_status":"closed","ping_status":"closed","template":"","meta":{"_et_pb_use_builder":"on","_et_pb_old_content":"","_et_gb_content_width":"","footnotes":""},"class_list":["post-1013","page","type-page","status-publish","hentry"],"_links":{"self":[{"href":"http:\/\/www.tigas.com.co\/newsite\/wp-json\/wp\/v2\/pages\/1013","targetHints":{"allow":["GET"]}}],"collection":[{"href":"http:\/\/www.tigas.com.co\/newsite\/wp-json\/wp\/v2\/pages"}],"about":[{"href":"http:\/\/www.tigas.com.co\/newsite\/wp-json\/wp\/v2\/types\/page"}],"author":[{"embeddable":true,"href":"http:\/\/www.tigas.com.co\/newsite\/wp-json\/wp\/v2\/users\/3"}],"replies":[{"embeddable":true,"href":"http:\/\/www.tigas.com.co\/newsite\/wp-json\/wp\/v2\/comments?post=1013"}],"version-history":[{"count":13,"href":"http:\/\/www.tigas.com.co\/newsite\/wp-json\/wp\/v2\/pages\/1013\/revisions"}],"predecessor-version":[{"id":1153,"href":"http:\/\/www.tigas.com.co\/newsite\/wp-json\/wp\/v2\/pages\/1013\/revisions\/1153"}],"wp:attachment":[{"href":"http:\/\/www.tigas.com.co\/newsite\/wp-json\/wp\/v2\/media?parent=1013"}],"curies":[{"name":"wp","href":"https:\/\/api.w.org\/{rel}","templated":true}]}}