{"id":32,"date":"2018-08-11T00:33:19","date_gmt":"2018-08-11T05:33:19","guid":{"rendered":"http:\/\/www.tigas.com.co\/newsite\/?page_id=32"},"modified":"2019-11-04T22:33:29","modified_gmt":"2019-11-05T03:33:29","slug":"catalogo","status":"publish","type":"page","link":"http:\/\/www.tigas.com.co\/newsite\/catalogo\/","title":{"rendered":"Cat\u00e1logo"},"content":{"rendered":"<p>[et_pb_section fb_built=\u00bb1&#8243; disabled_on=\u00bboff|off|off\u00bb _builder_version=\u00bb3.22.3&#8243; background_image=\u00bbhttp:\/\/www.tigas.com.co\/newsite\/wp-content\/uploads\/2018\/08\/gas.jpg\u00bb parallax=\u00bbon\u00bb parallax_method=\u00bboff\u00bb fb_built=\u00bb1&#8243; _i=\u00bb0&#8243; _address=\u00bb0&#8243;][et_pb_row _builder_version=\u00bb3.25&#8243; parallax=\u00bbon\u00bb _i=\u00bb0&#8243; _address=\u00bb0.0&#8243;][et_pb_column type=\u00bb4_4&#8243; _builder_version=\u00bb3.25&#8243; custom_padding=\u00bb|||\u00bb _i=\u00bb0&#8243; _address=\u00bb0.0.0&#8243; custom_padding__hover=\u00bb|||\u00bb][et_pb_slider show_arrows=\u00bboff\u00bb show_pagination=\u00bboff\u00bb _builder_version=\u00bb3.28&#8243; custom_padding=\u00bb152px|||||\u00bb animation_style=\u00bbfade\u00bb animation_duration=\u00bb500ms\u00bb auto=\u00bbon\u00bb auto_speed=\u00bb4000&#8243; auto_ignore_hover=\u00bbon\u00bb global_module=\u00bb1149&#8243; saved_tabs=\u00bball\u00bb button_text_size__hover_enabled=\u00bboff\u00bb button_one_text_size__hover_enabled=\u00bboff\u00bb button_two_text_size__hover_enabled=\u00bboff\u00bb button_text_color__hover_enabled=\u00bboff\u00bb button_one_text_color__hover_enabled=\u00bboff\u00bb button_two_text_color__hover_enabled=\u00bboff\u00bb button_border_width__hover_enabled=\u00bboff\u00bb button_one_border_width__hover_enabled=\u00bboff\u00bb button_two_border_width__hover_enabled=\u00bboff\u00bb button_border_color__hover_enabled=\u00bboff\u00bb button_one_border_color__hover_enabled=\u00bboff\u00bb button_two_border_color__hover_enabled=\u00bboff\u00bb button_border_radius__hover_enabled=\u00bboff\u00bb button_one_border_radius__hover_enabled=\u00bboff\u00bb button_two_border_radius__hover_enabled=\u00bboff\u00bb button_letter_spacing__hover_enabled=\u00bboff\u00bb button_one_letter_spacing__hover_enabled=\u00bboff\u00bb button_two_letter_spacing__hover_enabled=\u00bboff\u00bb button_bg_color__hover_enabled=\u00bboff\u00bb button_one_bg_color__hover_enabled=\u00bboff\u00bb button_two_bg_color__hover_enabled=\u00bboff\u00bb _i=\u00bb0&#8243; _address=\u00bb0.0.0.0&#8243;][et_pb_slide use_bg_overlay=\u00bboff\u00bb use_text_overlay=\u00bboff\u00bb _builder_version=\u00bb3.16&#8243; background_color=\u00bb#ffffff\u00bb background_image=\u00bbhttp:\/\/www.tigas.com.co\/newsite\/wp-content\/uploads\/2018\/08\/banner_inicio1.jpg\u00bb button_text_size__hover_enabled=\u00bboff\u00bb button_one_text_size__hover_enabled=\u00bboff\u00bb button_two_text_size__hover_enabled=\u00bboff\u00bb button_text_color__hover_enabled=\u00bboff\u00bb button_one_text_color__hover_enabled=\u00bboff\u00bb button_two_text_color__hover_enabled=\u00bboff\u00bb button_border_width__hover_enabled=\u00bboff\u00bb button_one_border_width__hover_enabled=\u00bboff\u00bb button_two_border_width__hover_enabled=\u00bboff\u00bb button_border_color__hover_enabled=\u00bboff\u00bb button_one_border_color__hover_enabled=\u00bboff\u00bb button_two_border_color__hover_enabled=\u00bboff\u00bb button_border_radius__hover_enabled=\u00bboff\u00bb button_one_border_radius__hover_enabled=\u00bboff\u00bb button_two_border_radius__hover_enabled=\u00bboff\u00bb button_letter_spacing__hover_enabled=\u00bboff\u00bb button_one_letter_spacing__hover_enabled=\u00bboff\u00bb button_two_letter_spacing__hover_enabled=\u00bboff\u00bb button_bg_color__hover_enabled=\u00bboff\u00bb button_one_bg_color__hover_enabled=\u00bboff\u00bb button_two_bg_color__hover_enabled=\u00bboff\u00bb _i=\u00bb0&#8243; _address=\u00bb0.0.0.0.0&#8243;][\/et_pb_slide][et_pb_slide use_bg_overlay=\u00bboff\u00bb use_text_overlay=\u00bboff\u00bb _builder_version=\u00bb3.16&#8243; background_color=\u00bb#ffffff\u00bb background_image=\u00bbhttp:\/\/www.tigas.com.co\/newsite\/wp-content\/uploads\/2018\/08\/banner_inicio2-1.jpg\u00bb button_text_size__hover_enabled=\u00bboff\u00bb button_one_text_size__hover_enabled=\u00bboff\u00bb button_two_text_size__hover_enabled=\u00bboff\u00bb button_text_color__hover_enabled=\u00bboff\u00bb button_one_text_color__hover_enabled=\u00bboff\u00bb button_two_text_color__hover_enabled=\u00bboff\u00bb button_border_width__hover_enabled=\u00bboff\u00bb button_one_border_width__hover_enabled=\u00bboff\u00bb button_two_border_width__hover_enabled=\u00bboff\u00bb button_border_color__hover_enabled=\u00bboff\u00bb button_one_border_color__hover_enabled=\u00bboff\u00bb button_two_border_color__hover_enabled=\u00bboff\u00bb button_border_radius__hover_enabled=\u00bboff\u00bb button_one_border_radius__hover_enabled=\u00bboff\u00bb button_two_border_radius__hover_enabled=\u00bboff\u00bb button_letter_spacing__hover_enabled=\u00bboff\u00bb button_one_letter_spacing__hover_enabled=\u00bboff\u00bb button_two_letter_spacing__hover_enabled=\u00bboff\u00bb button_bg_color__hover_enabled=\u00bboff\u00bb button_one_bg_color__hover_enabled=\u00bboff\u00bb button_two_bg_color__hover_enabled=\u00bboff\u00bb _i=\u00bb1&#8243; _address=\u00bb0.0.0.0.1&#8243;][\/et_pb_slide][et_pb_slide use_bg_overlay=\u00bboff\u00bb use_text_overlay=\u00bboff\u00bb _builder_version=\u00bb3.22.5&#8243; background_color=\u00bb#ffffff\u00bb background_image=\u00bbhttp:\/\/www.tigas.com.co\/newsite\/wp-content\/uploads\/2018\/11\/banner_inicio3.jpg\u00bb button_on_hover=\u00bbon\u00bb button_text_size__hover_enabled=\u00bboff\u00bb button_one_text_size__hover_enabled=\u00bboff\u00bb button_two_text_size__hover_enabled=\u00bboff\u00bb button_text_color__hover_enabled=\u00bboff\u00bb button_one_text_color__hover_enabled=\u00bboff\u00bb button_two_text_color__hover_enabled=\u00bboff\u00bb button_border_width__hover_enabled=\u00bboff\u00bb button_one_border_width__hover_enabled=\u00bboff\u00bb button_two_border_width__hover_enabled=\u00bboff\u00bb button_border_color__hover_enabled=\u00bboff\u00bb button_one_border_color__hover_enabled=\u00bboff\u00bb button_two_border_color__hover_enabled=\u00bboff\u00bb button_border_radius__hover_enabled=\u00bboff\u00bb button_one_border_radius__hover_enabled=\u00bboff\u00bb button_two_border_radius__hover_enabled=\u00bboff\u00bb button_letter_spacing__hover_enabled=\u00bboff\u00bb button_one_letter_spacing__hover_enabled=\u00bboff\u00bb button_two_letter_spacing__hover_enabled=\u00bboff\u00bb button_bg_color__hover_enabled=\u00bboff\u00bb button_one_bg_color__hover_enabled=\u00bboff\u00bb button_two_bg_color__hover_enabled=\u00bboff\u00bb _i=\u00bb2&#8243; _address=\u00bb0.0.0.0.2&#8243;][\/et_pb_slide][et_pb_slide use_bg_overlay=\u00bboff\u00bb use_text_overlay=\u00bboff\u00bb _builder_version=\u00bb3.28&#8243; background_color=\u00bb#ffffff\u00bb background_image=\u00bbhttp:\/\/www.tigas.com.co\/newsite\/wp-content\/uploads\/2019\/10\/banner_inicio4.jpg\u00bb background_enable_image=\u00bbon\u00bb button_on_hover=\u00bbon\u00bb button_text_size__hover_enabled=\u00bboff\u00bb button_one_text_size__hover_enabled=\u00bboff\u00bb button_two_text_size__hover_enabled=\u00bboff\u00bb button_text_color__hover_enabled=\u00bboff\u00bb button_one_text_color__hover_enabled=\u00bboff\u00bb button_two_text_color__hover_enabled=\u00bboff\u00bb button_border_width__hover_enabled=\u00bboff\u00bb button_one_border_width__hover_enabled=\u00bboff\u00bb button_two_border_width__hover_enabled=\u00bboff\u00bb button_border_color__hover_enabled=\u00bboff\u00bb button_one_border_color__hover_enabled=\u00bboff\u00bb button_two_border_color__hover_enabled=\u00bboff\u00bb button_border_radius__hover_enabled=\u00bboff\u00bb button_one_border_radius__hover_enabled=\u00bboff\u00bb button_two_border_radius__hover_enabled=\u00bboff\u00bb button_letter_spacing__hover_enabled=\u00bboff\u00bb button_one_letter_spacing__hover_enabled=\u00bboff\u00bb button_two_letter_spacing__hover_enabled=\u00bboff\u00bb button_bg_color__hover_enabled=\u00bboff\u00bb button_one_bg_color__hover_enabled=\u00bboff\u00bb button_two_bg_color__hover_enabled=\u00bboff\u00bb _i=\u00bb3&#8243; _address=\u00bb0.0.0.0.3&#8243;][\/et_pb_slide][et_pb_slide use_bg_overlay=\u00bboff\u00bb use_text_overlay=\u00bboff\u00bb _builder_version=\u00bb3.22.5&#8243; background_color=\u00bb#ffffff\u00bb background_image=\u00bbhttp:\/\/www.tigas.com.co\/newsite\/wp-content\/uploads\/2019\/03\/banner_inicio5.jpg\u00bb button_on_hover=\u00bbon\u00bb button_text_size__hover_enabled=\u00bboff\u00bb button_one_text_size__hover_enabled=\u00bboff\u00bb button_two_text_size__hover_enabled=\u00bboff\u00bb button_text_color__hover_enabled=\u00bboff\u00bb button_one_text_color__hover_enabled=\u00bboff\u00bb button_two_text_color__hover_enabled=\u00bboff\u00bb button_border_width__hover_enabled=\u00bboff\u00bb button_one_border_width__hover_enabled=\u00bboff\u00bb button_two_border_width__hover_enabled=\u00bboff\u00bb button_border_color__hover_enabled=\u00bboff\u00bb button_one_border_color__hover_enabled=\u00bboff\u00bb button_two_border_color__hover_enabled=\u00bboff\u00bb button_border_radius__hover_enabled=\u00bboff\u00bb button_one_border_radius__hover_enabled=\u00bboff\u00bb button_two_border_radius__hover_enabled=\u00bboff\u00bb button_letter_spacing__hover_enabled=\u00bboff\u00bb button_one_letter_spacing__hover_enabled=\u00bboff\u00bb button_two_letter_spacing__hover_enabled=\u00bboff\u00bb button_bg_color__hover_enabled=\u00bboff\u00bb button_one_bg_color__hover_enabled=\u00bboff\u00bb button_two_bg_color__hover_enabled=\u00bboff\u00bb _i=\u00bb4&#8243; _address=\u00bb0.0.0.0.4&#8243;][\/et_pb_slide][et_pb_slide use_bg_overlay=\u00bboff\u00bb use_text_overlay=\u00bboff\u00bb _builder_version=\u00bb3.22.5&#8243; background_color=\u00bb#ffffff\u00bb background_image=\u00bbhttp:\/\/www.tigas.com.co\/newsite\/wp-content\/uploads\/2019\/10\/banner_inicio_4A.jpg\u00bb button_on_hover=\u00bbon\u00bb custom_padding=\u00bb|||\u00bb button_text_size__hover_enabled=\u00bboff\u00bb button_one_text_size__hover_enabled=\u00bboff\u00bb button_two_text_size__hover_enabled=\u00bboff\u00bb button_text_color__hover_enabled=\u00bboff\u00bb button_one_text_color__hover_enabled=\u00bboff\u00bb button_two_text_color__hover_enabled=\u00bboff\u00bb button_border_width__hover_enabled=\u00bboff\u00bb button_one_border_width__hover_enabled=\u00bboff\u00bb button_two_border_width__hover_enabled=\u00bboff\u00bb button_border_color__hover_enabled=\u00bboff\u00bb button_one_border_color__hover_enabled=\u00bboff\u00bb button_two_border_color__hover_enabled=\u00bboff\u00bb button_border_radius__hover_enabled=\u00bboff\u00bb button_one_border_radius__hover_enabled=\u00bboff\u00bb button_two_border_radius__hover_enabled=\u00bboff\u00bb button_letter_spacing__hover_enabled=\u00bboff\u00bb button_one_letter_spacing__hover_enabled=\u00bboff\u00bb button_two_letter_spacing__hover_enabled=\u00bboff\u00bb button_bg_color__hover_enabled=\u00bboff\u00bb button_one_bg_color__hover_enabled=\u00bboff\u00bb button_two_bg_color__hover_enabled=\u00bboff\u00bb _i=\u00bb5&#8243; _address=\u00bb0.0.0.0.5&#8243;][\/et_pb_slide][\/et_pb_slider][\/et_pb_column][\/et_pb_row][et_pb_row _builder_version=\u00bb3.20.1&#8243; custom_padding=\u00bb0|0px|0|0px|false|false\u00bb animation_style=\u00bbfade\u00bb animation_delay=\u00bb250ms\u00bb global_module=\u00bb1190&#8243; saved_tabs=\u00bball\u00bb _i=\u00bb1&#8243; _address=\u00bb0.1&#8243;][et_pb_column type=\u00bb4_4&#8243; _builder_version=\u00bb3.25&#8243; custom_padding=\u00bb|||\u00bb _i=\u00bb0&#8243; _address=\u00bb0.1.0&#8243; custom_padding__hover=\u00bb|||\u00bb][et_pb_text _builder_version=\u00bb3.27.4&#8243; header_font=\u00bb||||||||\u00bb background_color=\u00bb#ffffff\u00bb custom_padding=\u00bb25px||25px\u00bb header_text_shadow_style=\u00bbpreset1&#8243; _i=\u00bb0&#8243; _address=\u00bb0.1.0.0&#8243;]<\/p>\n<div class=\"et_pb_module et_pb_text et_pb_text_0 et_pb_bg_layout_light  et_pb_text_align_left et_had_animation\">\n<h1 style=\"text-align: center;\"><span>CAT\u00c1LOGOS<\/span><\/h1>\n<h3 class=\"et_pb_text_inner\" style=\"text-align: center;\">Ac\u00e1 podr\u00e1 consultar y descargar los cat\u00e1logos de nuestros diferentes productos<\/h3>\n<\/div>\n<p>[\/et_pb_text][\/et_pb_column][\/et_pb_row][et_pb_row _builder_version=\u00bb3.28&#8243; background_color=\u00bb#ffffff\u00bb custom_margin=\u00bb25px||||false|false\u00bb custom_padding=\u00bb30px|10px|27px|10px|false|false\u00bb animation_style=\u00bbfade\u00bb animation_delay=\u00bb850ms\u00bb hover_enabled=\u00bb0&#8243; _i=\u00bb2&#8243; _address=\u00bb0.2&#8243; column_structure=\u00bb1_4,1_4,1_4,1_4&#8243;][et_pb_column type=\u00bb1_4&#8243; _builder_version=\u00bb3.25&#8243; background_color=\u00bb#ffffff\u00bb custom_padding=\u00bb|||\u00bb _i=\u00bb0&#8243; _address=\u00bb0.2.0&#8243; custom_padding__hover=\u00bb|||\u00bb][et_pb_blurb title=\u00bbMedici\u00f3n\u00bb url=\u00bbhttp:\/\/www.tigas.com.co\/newsite\/cat-medicion\/\u00bb use_icon=\u00bbon\u00bb font_icon=\u00bb%%285%%\u00bb icon_color=\u00bb#e09900&#8243; use_icon_font_size=\u00bbon\u00bb icon_font_size=\u00bb75px\u00bb admin_label=\u00bbMedici\u00f3n\u00bb _builder_version=\u00bb3.28&#8243; header_level=\u00bbh1&#8243; header_font=\u00bbComfortaa||||||||\u00bb background_color=\u00bb#ffffff\u00bb text_orientation=\u00bbcenter\u00bb custom_margin=\u00bb||||false|false\u00bb custom_padding=\u00bb10px||28px|\u00bb hover_enabled=\u00bb0&#8243; box_shadow_style=\u00bbpreset2&#8243; _i=\u00bb0&#8243; _address=\u00bb0.2.0.0&#8243;][\/et_pb_blurb][et_pb_blurb title=\u00bbCalentamiento de agua\u00bb url=\u00bbhttp:\/\/www.tigas.com.co\/newsite\/catalogo-calentamiento\/\u00bb use_icon=\u00bbon\u00bb font_icon=\u00bb%%182%%\u00bb icon_color=\u00bb#e09900&#8243; use_icon_font_size=\u00bbon\u00bb icon_font_size=\u00bb75px\u00bb admin_label=\u00bbAccesorios\u00bb _builder_version=\u00bb3.28&#8243; header_level=\u00bbh1&#8243; header_font=\u00bbComfortaa||||||||\u00bb background_color=\u00bb#ffffff\u00bb text_orientation=\u00bbcenter\u00bb custom_margin=\u00bb||||false|false\u00bb custom_padding=\u00bb10px||28px|\u00bb hover_enabled=\u00bb0&#8243; box_shadow_style=\u00bbpreset2&#8243; _i=\u00bb1&#8243; _address=\u00bb0.2.1.1&#8243;][\/et_pb_blurb][\/et_pb_column][et_pb_column type=\u00bb1_4&#8243; _builder_version=\u00bb3.25&#8243; custom_padding=\u00bb|||\u00bb _i=\u00bb1&#8243; _address=\u00bb0.2.1&#8243; custom_padding__hover=\u00bb|||\u00bb][et_pb_blurb title=\u00bbRegulaci\u00f3n\u00bb url=\u00bbhttp:\/\/www.tigas.com.co\/newsite\/cat-regulacion\/\u00bb use_icon=\u00bbon\u00bb font_icon=\u00bb%%202%%\u00bb icon_color=\u00bb#e09900&#8243; use_icon_font_size=\u00bbon\u00bb icon_font_size=\u00bb75px\u00bb admin_label=\u00bbRegulaci\u00f3n\u00bb _builder_version=\u00bb3.20.1&#8243; header_level=\u00bbh1&#8243; header_font=\u00bbComfortaa||||||||\u00bb background_color=\u00bb#ffffff\u00bb text_orientation=\u00bbcenter\u00bb custom_margin=\u00bb|||\u00bb custom_padding=\u00bb10px||28px|\u00bb box_shadow_style=\u00bbpreset2&#8243; _i=\u00bb0&#8243; _address=\u00bb0.2.1.0&#8243;][\/et_pb_blurb][et_pb_blurb title=\u00bbFiltraci\u00f3n\u00bb url=\u00bbhttp:\/\/www.tigas.com.co\/newsite\/cat-filtracion\/\u00bb use_icon=\u00bbon\u00bb font_icon=\u00bb%%204%%\u00bb icon_color=\u00bb#e09900&#8243; use_icon_font_size=\u00bbon\u00bb icon_font_size=\u00bb75px\u00bb admin_label=\u00bbAccesorios\u00bb _builder_version=\u00bb3.28&#8243; header_level=\u00bbh1&#8243; header_font=\u00bbComfortaa||||||||\u00bb background_color=\u00bb#ffffff\u00bb text_orientation=\u00bbcenter\u00bb custom_margin=\u00bb||||false|false\u00bb custom_padding=\u00bb10px||28px|\u00bb hover_enabled=\u00bb0&#8243; box_shadow_style=\u00bbpreset2&#8243; _i=\u00bb1&#8243; _address=\u00bb0.2.1.1&#8243;][\/et_pb_blurb][\/et_pb_column][et_pb_column type=\u00bb1_4&#8243; _builder_version=\u00bb3.25&#8243; custom_padding=\u00bb|||\u00bb _i=\u00bb2&#8243; _address=\u00bb0.2.2&#8243; custom_padding__hover=\u00bb|||\u00bb][et_pb_blurb title=\u00bbSeguridad\u00bb url=\u00bbhttp:\/\/www.tigas.com.co\/newsite\/cat-seguridad-2\/\u00bb use_icon=\u00bbon\u00bb font_icon=\u00bb%%228%%\u00bb icon_color=\u00bb#e09900&#8243; use_icon_font_size=\u00bbon\u00bb icon_font_size=\u00bb75px\u00bb admin_label=\u00bbSeguridad\u00bb _builder_version=\u00bb3.22.5&#8243; header_level=\u00bbh1&#8243; header_font=\u00bbComfortaa||||||||\u00bb background_color=\u00bb#ffffff\u00bb text_orientation=\u00bbcenter\u00bb custom_margin=\u00bb|0px||0px\u00bb custom_padding=\u00bb10px||28px|\u00bb box_shadow_style=\u00bbpreset2&#8243; _i=\u00bb0&#8243; _address=\u00bb0.2.2.0&#8243;][\/et_pb_blurb][et_pb_blurb title=\u00bbAccesorios\u00bb url=\u00bbhttp:\/\/www.tigas.com.co\/newsite\/cat-accesorios\/\u00bb use_icon=\u00bbon\u00bb font_icon=\u00bb%%173%%\u00bb icon_color=\u00bb#e09900&#8243; use_icon_font_size=\u00bbon\u00bb icon_font_size=\u00bb75px\u00bb admin_label=\u00bbAccesorios\u00bb _builder_version=\u00bb3.28&#8243; header_level=\u00bbh1&#8243; header_font=\u00bbComfortaa||||||||\u00bb background_color=\u00bb#ffffff\u00bb text_orientation=\u00bbcenter\u00bb custom_margin=\u00bb||||false|false\u00bb custom_padding=\u00bb10px||28px|\u00bb hover_enabled=\u00bb0&#8243; box_shadow_style=\u00bbpreset2&#8243; _i=\u00bb1&#8243; _address=\u00bb0.2.2.1&#8243;][\/et_pb_blurb][\/et_pb_column][et_pb_column type=\u00bb1_4&#8243; _builder_version=\u00bb3.25&#8243; custom_padding=\u00bb|||\u00bb _i=\u00bb3&#8243; _address=\u00bb0.2.3&#8243; custom_padding__hover=\u00bb|||\u00bb][et_pb_blurb title=\u00bbCombusti\u00f3n\u00bb url=\u00bbhttp:\/\/www.tigas.com.co\/newsite\/cat-combustion\/\u00bb use_icon=\u00bbon\u00bb font_icon=\u00bb%%219%%\u00bb icon_color=\u00bb#e09900&#8243; use_icon_font_size=\u00bbon\u00bb icon_font_size=\u00bb75px\u00bb admin_label=\u00bbCombusti\u00f3n\u00bb _builder_version=\u00bb3.22.5&#8243; header_level=\u00bbh1&#8243; header_font=\u00bbComfortaa||||||||\u00bb background_color=\u00bb#ffffff\u00bb text_orientation=\u00bbcenter\u00bb custom_margin=\u00bb|10px||\u00bb custom_padding=\u00bb10px||28px|\u00bb box_shadow_style=\u00bbpreset2&#8243; _i=\u00bb0&#8243; _address=\u00bb0.2.3.0&#8243;][\/et_pb_blurb][\/et_pb_column][\/et_pb_row][\/et_pb_section][et_pb_section fb_built=\u00bb1&#8243; _builder_version=\u00bb3.0.106&#8243; background_color=\u00bb#262626&#8243; animation_style=\u00bbfade\u00bb global_module=\u00bb201&#8243; fb_built=\u00bb1&#8243; _i=\u00bb1&#8243; _address=\u00bb1&#8243;][et_pb_row column_structure=\u00bb1_4,1_4,1_4,1_4&#8243; module_class=\u00bb et_pb_row_fullwidth\u00bb _builder_version=\u00bb3.25&#8243; width=\u00bb89%\u00bb width_tablet=\u00bb80%\u00bb width_last_edited=\u00bbon|desktop\u00bb max_width=\u00bb89%\u00bb max_width_tablet=\u00bb80%\u00bb max_width_last_edited=\u00bbon|desktop\u00bb animation_style=\u00bbfade\u00bb make_fullwidth=\u00bbon\u00bb _i=\u00bb0&#8243; _address=\u00bb1.0&#8243;][et_pb_column type=\u00bb1_4&#8243; _builder_version=\u00bb3.25&#8243; custom_padding=\u00bb|||\u00bb _i=\u00bb0&#8243; _address=\u00bb1.0.0&#8243; custom_padding__hover=\u00bb|||\u00bb][et_pb_blurb title=\u00bbventas@tigas.com.co\u00bb url=\u00bbmailto:ventas@tigas.com.co\u00bb use_icon=\u00bbon\u00bb font_icon=\u00bb%%238%%\u00bb icon_color=\u00bb#e09900&#8243; icon_placement=\u00bbleft\u00bb use_icon_font_size=\u00bbon\u00bb icon_font_size=\u00bb27px\u00bb admin_label=\u00bbemail\u00bb _builder_version=\u00bb3.0.106&#8243; header_font=\u00bbComfortaa||||||||\u00bb header_text_color=\u00bb#e09900&#8243; background_layout=\u00bbdark\u00bb custom_margin=\u00bb|||\u00bb custom_padding=\u00bb|||\u00bb _i=\u00bb0&#8243; _address=\u00bb1.0.0.0&#8243;][\/et_pb_blurb][\/et_pb_column][et_pb_column type=\u00bb1_4&#8243; _builder_version=\u00bb3.25&#8243; custom_padding=\u00bb|||\u00bb _i=\u00bb1&#8243; _address=\u00bb1.0.1&#8243; custom_padding__hover=\u00bb|||\u00bb][et_pb_blurb title=\u00bb(+57 4) 444 58 27&#8243; use_icon=\u00bbon\u00bb font_icon=\u00bb%%264%%\u00bb icon_color=\u00bb#e09900&#8243; icon_placement=\u00bbleft\u00bb use_icon_font_size=\u00bbon\u00bb icon_font_size=\u00bb27px\u00bb admin_label=\u00bbtelefono\u00bb _builder_version=\u00bb3.22.5&#8243; header_font=\u00bbComfortaa||||||||\u00bb header_text_color=\u00bb#e09900&#8243; background_layout=\u00bbdark\u00bb custom_margin=\u00bb|||\u00bb custom_padding=\u00bb|||\u00bb _i=\u00bb0&#8243; _address=\u00bb1.0.1.0&#8243;][\/et_pb_blurb][\/et_pb_column][et_pb_column type=\u00bb1_4&#8243; _builder_version=\u00bb3.25&#8243; custom_padding=\u00bb|||\u00bb _i=\u00bb2&#8243; _address=\u00bb1.0.2&#8243; custom_padding__hover=\u00bb|||\u00bb][et_pb_blurb title=\u00bbTransversal 32 A Sur # 33-14 &#8211; Envigado\u00bb use_icon=\u00bbon\u00bb font_icon=\u00bb%%270%%\u00bb icon_color=\u00bb#e09900&#8243; icon_placement=\u00bbleft\u00bb use_icon_font_size=\u00bbon\u00bb icon_font_size=\u00bb27px\u00bb admin_label=\u00bbdireccion\u00bb _builder_version=\u00bb3.0.106&#8243; header_font=\u00bbComfortaa||||||||\u00bb header_text_color=\u00bb#e09900&#8243; background_layout=\u00bbdark\u00bb custom_margin=\u00bb|||\u00bb custom_padding=\u00bb|||\u00bb _i=\u00bb0&#8243; _address=\u00bb1.0.2.0&#8243;][\/et_pb_blurb][\/et_pb_column][et_pb_column type=\u00bb1_4&#8243; _builder_version=\u00bb3.25&#8243; custom_padding=\u00bb|||\u00bb _i=\u00bb3&#8243; _address=\u00bb1.0.3&#8243; custom_padding__hover=\u00bb|||\u00bb][et_pb_blurb title=\u00bbConozca nuestra pol\u00edtica de tratamiento de datos\u00bb url=\u00bbhttp:\/\/www.tigas.com.co\/newsite\/politica-de-tratamiento-de-datos\/\u00bb use_icon=\u00bbon\u00bb font_icon=\u00bb%%98%%\u00bb icon_color=\u00bb#e09900&#8243; icon_placement=\u00bbleft\u00bb use_icon_font_size=\u00bbon\u00bb icon_font_size=\u00bb27px\u00bb admin_label=\u00bbpol\u00edtica de tratamiento de datos\u00bb _builder_version=\u00bb3.0.106&#8243; header_font=\u00bbComfortaa||||||||\u00bb header_text_color=\u00bb#e09900&#8243; background_layout=\u00bbdark\u00bb custom_margin=\u00bb|||\u00bb custom_padding=\u00bb|||\u00bb _i=\u00bb0&#8243; _address=\u00bb1.0.3.0&#8243;][\/et_pb_blurb][\/et_pb_column][\/et_pb_row][\/et_pb_section]<\/p>\n","protected":false},"excerpt":{"rendered":"<p>[et_pb_section fb_built=\u00bb1&#8243; disabled_on=\u00bboff|off|off\u00bb _builder_version=\u00bb3.22.3&#8243; background_image=\u00bbhttp:\/\/www.tigas.com.co\/newsite\/wp-content\/uploads\/2018\/08\/gas.jpg\u00bb parallax=\u00bbon\u00bb parallax_method=\u00bboff\u00bb fb_built=\u00bb1&#8243; _i=\u00bb0&#8243; _address=\u00bb0&#8243;][et_pb_row _builder_version=\u00bb3.25&#8243; parallax=\u00bbon\u00bb _i=\u00bb0&#8243; _address=\u00bb0.0&#8243;][et_pb_column type=\u00bb4_4&#8243; _builder_version=\u00bb3.25&#8243; custom_padding=\u00bb|||\u00bb _i=\u00bb0&#8243; _address=\u00bb0.0.0&#8243; custom_padding__hover=\u00bb|||\u00bb][et_pb_slider show_arrows=\u00bboff\u00bb show_pagination=\u00bboff\u00bb _builder_version=\u00bb3.28&#8243; custom_padding=\u00bb152px|||||\u00bb animation_style=\u00bbfade\u00bb animation_duration=\u00bb500ms\u00bb auto=\u00bbon\u00bb auto_speed=\u00bb4000&#8243; auto_ignore_hover=\u00bbon\u00bb global_module=\u00bb1149&#8243; saved_tabs=\u00bball\u00bb button_text_size__hover_enabled=\u00bboff\u00bb button_one_text_size__hover_enabled=\u00bboff\u00bb button_two_text_size__hover_enabled=\u00bboff\u00bb button_text_color__hover_enabled=\u00bboff\u00bb button_one_text_color__hover_enabled=\u00bboff\u00bb button_two_text_color__hover_enabled=\u00bboff\u00bb button_border_width__hover_enabled=\u00bboff\u00bb button_one_border_width__hover_enabled=\u00bboff\u00bb button_two_border_width__hover_enabled=\u00bboff\u00bb button_border_color__hover_enabled=\u00bboff\u00bb button_one_border_color__hover_enabled=\u00bboff\u00bb button_two_border_color__hover_enabled=\u00bboff\u00bb button_border_radius__hover_enabled=\u00bboff\u00bb button_one_border_radius__hover_enabled=\u00bboff\u00bb button_two_border_radius__hover_enabled=\u00bboff\u00bb button_letter_spacing__hover_enabled=\u00bboff\u00bb button_one_letter_spacing__hover_enabled=\u00bboff\u00bb button_two_letter_spacing__hover_enabled=\u00bboff\u00bb button_bg_color__hover_enabled=\u00bboff\u00bb button_one_bg_color__hover_enabled=\u00bboff\u00bb button_two_bg_color__hover_enabled=\u00bboff\u00bb _i=\u00bb0&#8243; _address=\u00bb0.0.0.0&#8243;][et_pb_slide use_bg_overlay=\u00bboff\u00bb [&hellip;]<\/p>\n","protected":false},"author":3,"featured_media":0,"parent":0,"menu_order":0,"comment_status":"closed","ping_status":"closed","template":"","meta":{"_et_pb_use_builder":"on","_et_pb_old_content":"","_et_gb_content_width":"","footnotes":""},"class_list":["post-32","page","type-page","status-publish","hentry"],"_links":{"self":[{"href":"http:\/\/www.tigas.com.co\/newsite\/wp-json\/wp\/v2\/pages\/32","targetHints":{"allow":["GET"]}}],"collection":[{"href":"http:\/\/www.tigas.com.co\/newsite\/wp-json\/wp\/v2\/pages"}],"about":[{"href":"http:\/\/www.tigas.com.co\/newsite\/wp-json\/wp\/v2\/types\/page"}],"author":[{"embeddable":true,"href":"http:\/\/www.tigas.com.co\/newsite\/wp-json\/wp\/v2\/users\/3"}],"replies":[{"embeddable":true,"href":"http:\/\/www.tigas.com.co\/newsite\/wp-json\/wp\/v2\/comments?post=32"}],"version-history":[{"count":19,"href":"http:\/\/www.tigas.com.co\/newsite\/wp-json\/wp\/v2\/pages\/32\/revisions"}],"predecessor-version":[{"id":1869,"href":"http:\/\/www.tigas.com.co\/newsite\/wp-json\/wp\/v2\/pages\/32\/revisions\/1869"}],"wp:attachment":[{"href":"http:\/\/www.tigas.com.co\/newsite\/wp-json\/wp\/v2\/media?parent=32"}],"curies":[{"name":"wp","href":"https:\/\/api.w.org\/{rel}","templated":true}]}}