{"id":33,"date":"2018-08-11T00:33:19","date_gmt":"2018-08-11T05:33:19","guid":{"rendered":"http:\/\/www.tigas.com.co\/newsite\/?page_id=33"},"modified":"2022-01-15T10:36:04","modified_gmt":"2022-01-15T15:36:04","slug":"laboratorio_de_calibracion","status":"publish","type":"page","link":"http:\/\/www.tigas.com.co\/newsite\/laboratorio_de_calibracion\/","title":{"rendered":"Laboratorio de Calibraci\u00f3n"},"content":{"rendered":"<p>[et_pb_section fb_built=\u00bb1&#8243; _builder_version=\u00bb4.4.3&#8243; background_image=\u00bbhttp:\/\/www.tigas.com.co\/newsite\/wp-content\/uploads\/2018\/08\/gas.jpg\u00bb parallax=\u00bbon\u00bb parallax_method=\u00bboff\u00bb custom_padding=\u00bb40px|0px|54px|0px\u00bb][et_pb_row _builder_version=\u00bb3.25&#8243; background_color=\u00bb#ffffff\u00bb module_alignment=\u00bbcenter\u00bb custom_margin=\u00bb||0px|\u00bb custom_padding=\u00bb0|0px|0|0px\u00bb animation_style=\u00bbfade\u00bb][et_pb_column type=\u00bb4_4&#8243; _builder_version=\u00bb3.25&#8243; custom_padding=\u00bb|||\u00bb custom_padding__hover=\u00bb|||\u00bb][et_pb_image src=\u00bbhttp:\/\/www.tigas.com.co\/newsite\/wp-content\/uploads\/2022\/01\/1631551276679-scaled.jpg\u00bb show_bottom_space=\u00bboff\u00bb align=\u00bbcenter\u00bb force_fullwidth=\u00bbon\u00bb align_tablet=\u00bbcenter\u00bb align_phone=\u00bb\u00bb align_last_edited=\u00bbon|desktop\u00bb _builder_version=\u00bb4.4.3&#8243; parallax=\u00bbon\u00bb parallax_method=\u00bboff\u00bb custom_padding=\u00bb|||\u00bb]\u00a0<br \/>\n[\/et_pb_image][\/et_pb_column][\/et_pb_row][et_pb_row _builder_version=\u00bb4.4.3&#8243; background_color=\u00bb#ffffff\u00bb module_alignment=\u00bbcenter\u00bb custom_margin=\u00bb|||\u00bb custom_padding=\u00bb27px|0px|0|0px\u00bb animation_style=\u00bbfade\u00bb animation_delay=\u00bb500ms\u00bb][et_pb_column type=\u00bb4_4&#8243; _builder_version=\u00bb4.4.3&#8243; custom_padding=\u00bb|||\u00bb custom_padding__hover=\u00bb|||\u00bb][et_pb_text _builder_version=\u00bb4.4.3&#8243; text_font=\u00bbComfortaa||||||||\u00bb header_font=\u00bbComfortaa||||||||\u00bb custom_padding=\u00bb25px|25px|25px|25px\u00bb custom_padding_tablet=\u00bb0px||0px|\u00bb custom_padding_phone=\u00bb\u00bb custom_padding_last_edited=\u00bbon|phone\u00bb animation_style=\u00bbfade\u00bb link_option_url=\u00bbhttp:\/\/www.tigas.com.co\/newsite\/18-lac-016-certificado\/\u00bb link_option_url_new_window=\u00bbon\u00bb]<\/p>\n<h1><span>En Tecnolog\u00eda Instrumentaci\u00f3n y Gas S.A.S \u2013 <strong>T.I. GAS S.A.S<\/strong> contamos con acreditaci\u00f3n ONAC, vigente a la fecha, con c\u00f3digo de acreditaci\u00f3n 18-LAC-016 bajo la norma ISO\/IEC 17025:2017<\/span><\/h1>\n<p>\u00a0<span style=\"font-size: 14px;\">\u00a0<\/span><\/p>\n<p>[\/et_pb_text][et_pb_image src=\u00bbhttp:\/\/www.tigas.com.co\/newsite\/wp-content\/uploads\/2022\/01\/Simbolo_Acreditado_ONAC-tig-003-1.jpg\u00bb _builder_version=\u00bb4.4.3&#8243; width=\u00bb36.1%\u00bb custom_margin=\u00bb|148px|-3px|||\u00bb custom_padding=\u00bb5px|74px|0px|||\u00bb hover_enabled=\u00bb0&#8243;][\/et_pb_image][\/et_pb_column][\/et_pb_row][et_pb_row column_structure=\u00bb1_2,1_2&#8243; _builder_version=\u00bb3.25&#8243; background_color=\u00bb#ffffff\u00bb module_alignment=\u00bbcenter\u00bb custom_margin=\u00bb|||\u00bb custom_padding=\u00bb0|0px|27px|0px\u00bb animation_style=\u00bbfade\u00bb animation_delay=\u00bb350ms\u00bb][et_pb_column type=\u00bb1_2&#8243; _builder_version=\u00bb3.25&#8243; custom_padding=\u00bb|||\u00bb custom_padding__hover=\u00bb|||\u00bb][\/et_pb_column][et_pb_column type=\u00bb1_2&#8243; _builder_version=\u00bb3.25&#8243; custom_padding=\u00bb|||\u00bb custom_padding__hover=\u00bb|||\u00bb][et_pb_text _builder_version=\u00bb3.27.4&#8243; text_font=\u00bbComfortaa||||||||\u00bb header_font=\u00bbComfortaa||||||||\u00bb custom_padding=\u00bb0px|25px|25px|25px||\u00bb custom_padding_tablet=\u00bb0px||0px|\u00bb custom_padding_phone=\u00bb\u00bb custom_padding_last_edited=\u00bbon|phone\u00bb animation_style=\u00bbfade\u00bb custom_margin=\u00bb-414px|||||\u00bb]<\/p>\n<p><span style=\"font-size: large;\"><strong>Para sus solicitudes y cotizaciones, favor contactar a:<\/strong><\/span><\/p>\n<p><span style=\"font-size: large;\"><strong><a href=\"mailto:administrativo@tigas.com.co\">administrativo@tigas.com.co<\/a><\/strong><\/span><\/p>\n<p><span style=\"font-size: large;\"><strong><a href=\"mailto:laboratorio@tigas.com.co\">laboratorio@tigas.com.co<\/a><\/strong><\/span><\/p>\n<p><span style=\"font-size: large;\"><strong><a href=\"mailto:calidad@tigas.com.co\">calidad2@tigas.com.co<\/a><\/strong><\/span><\/p>\n<p>[\/et_pb_text][\/et_pb_column][\/et_pb_row][et_pb_row custom_padding_last_edited=\u00bbon|desktop\u00bb _builder_version=\u00bb3.25&#8243; background_color=\u00bb#ffffff\u00bb custom_padding=\u00bb30px|0px|0|0px\u00bb custom_padding_tablet=\u00bb0px|0px|0px|0px\u00bb custom_padding_phone=\u00bb\u00bb animation_style=\u00bbfade\u00bb animation_delay=\u00bb500ms\u00bb][et_pb_column type=\u00bb4_4&#8243; _builder_version=\u00bb3.25&#8243; custom_padding=\u00bb|||\u00bb custom_padding__hover=\u00bb|||\u00bb][\/et_pb_column][\/et_pb_row][\/et_pb_section][et_pb_section fb_built=\u00bb1&#8243; _builder_version=\u00bb3.0.106&#8243; background_color=\u00bb#262626&#8243; animation_style=\u00bbfade\u00bb global_module=\u00bb201&#8243;][et_pb_row column_structure=\u00bb1_4,1_4,1_4,1_4&#8243; module_class=\u00bb et_pb_row_fullwidth\u00bb _builder_version=\u00bb3.25&#8243; width=\u00bb89%\u00bb width_tablet=\u00bb80%\u00bb width_phone=\u00bb\u00bb width_last_edited=\u00bbon|desktop\u00bb max_width=\u00bb89%\u00bb max_width_tablet=\u00bb80%\u00bb max_width_phone=\u00bb\u00bb max_width_last_edited=\u00bbon|desktop\u00bb animation_style=\u00bbfade\u00bb make_fullwidth=\u00bbon\u00bb][et_pb_column type=\u00bb1_4&#8243; _builder_version=\u00bb3.25&#8243; custom_padding=\u00bb|||\u00bb custom_padding__hover=\u00bb|||\u00bb][et_pb_blurb title=\u00bbventas@tigas.com.co\u00bb url=\u00bbmailto:ventas@tigas.com.co\u00bb use_icon=\u00bbon\u00bb font_icon=\u00bb%%238%%\u00bb icon_color=\u00bb#e09900&#8243; icon_placement=\u00bbleft\u00bb use_icon_font_size=\u00bbon\u00bb icon_font_size=\u00bb27px\u00bb admin_label=\u00bbemail\u00bb _builder_version=\u00bb3.0.106&#8243; header_font=\u00bbComfortaa||||||||\u00bb header_text_color=\u00bb#e09900&#8243; background_layout=\u00bbdark\u00bb custom_margin=\u00bb|||\u00bb custom_padding=\u00bb|||\u00bb][\/et_pb_blurb][\/et_pb_column][et_pb_column type=\u00bb1_4&#8243; _builder_version=\u00bb3.25&#8243; custom_padding=\u00bb|||\u00bb custom_padding__hover=\u00bb|||\u00bb][et_pb_blurb title=\u00bb(+57 4) 444 58 27&#8243; use_icon=\u00bbon\u00bb font_icon=\u00bb%%264%%\u00bb icon_color=\u00bb#e09900&#8243; icon_placement=\u00bbleft\u00bb use_icon_font_size=\u00bbon\u00bb icon_font_size=\u00bb27px\u00bb admin_label=\u00bbtelefono\u00bb _builder_version=\u00bb3.22.5&#8243; header_font=\u00bbComfortaa||||||||\u00bb header_text_color=\u00bb#e09900&#8243; background_layout=\u00bbdark\u00bb custom_margin=\u00bb|||\u00bb custom_padding=\u00bb|||\u00bb][\/et_pb_blurb][\/et_pb_column][et_pb_column type=\u00bb1_4&#8243; _builder_version=\u00bb3.25&#8243; custom_padding=\u00bb|||\u00bb custom_padding__hover=\u00bb|||\u00bb][et_pb_blurb title=\u00bbTransversal 32 A Sur # 33-14 &#8211; Envigado\u00bb use_icon=\u00bbon\u00bb font_icon=\u00bb%%270%%\u00bb icon_color=\u00bb#e09900&#8243; icon_placement=\u00bbleft\u00bb use_icon_font_size=\u00bbon\u00bb icon_font_size=\u00bb27px\u00bb admin_label=\u00bbdireccion\u00bb _builder_version=\u00bb3.0.106&#8243; header_font=\u00bbComfortaa||||||||\u00bb header_text_color=\u00bb#e09900&#8243; background_layout=\u00bbdark\u00bb custom_margin=\u00bb|||\u00bb custom_padding=\u00bb|||\u00bb][\/et_pb_blurb][\/et_pb_column][et_pb_column type=\u00bb1_4&#8243; _builder_version=\u00bb3.25&#8243; custom_padding=\u00bb|||\u00bb custom_padding__hover=\u00bb|||\u00bb][et_pb_blurb title=\u00bbConozca nuestra pol\u00edtica de tratamiento de datos\u00bb url=\u00bbhttp:\/\/www.tigas.com.co\/newsite\/politica-de-tratamiento-de-datos\/\u00bb use_icon=\u00bbon\u00bb font_icon=\u00bb%%98%%\u00bb icon_color=\u00bb#e09900&#8243; icon_placement=\u00bbleft\u00bb use_icon_font_size=\u00bbon\u00bb icon_font_size=\u00bb27px\u00bb admin_label=\u00bbpol\u00edtica de tratamiento de datos\u00bb _builder_version=\u00bb3.0.106&#8243; header_font=\u00bbComfortaa||||||||\u00bb header_text_color=\u00bb#e09900&#8243; background_layout=\u00bbdark\u00bb custom_margin=\u00bb|||\u00bb custom_padding=\u00bb|||\u00bb][\/et_pb_blurb][\/et_pb_column][\/et_pb_row][\/et_pb_section]<\/p>\n","protected":false},"excerpt":{"rendered":"<p>[et_pb_section fb_built=\u00bb1&#8243; _builder_version=\u00bb4.4.3&#8243; background_image=\u00bbhttp:\/\/www.tigas.com.co\/newsite\/wp-content\/uploads\/2018\/08\/gas.jpg\u00bb parallax=\u00bbon\u00bb parallax_method=\u00bboff\u00bb custom_padding=\u00bb40px|0px|54px|0px\u00bb][et_pb_row _builder_version=\u00bb3.25&#8243; background_color=\u00bb#ffffff\u00bb module_alignment=\u00bbcenter\u00bb custom_margin=\u00bb||0px|\u00bb custom_padding=\u00bb0|0px|0|0px\u00bb animation_style=\u00bbfade\u00bb][et_pb_column type=\u00bb4_4&#8243; _builder_version=\u00bb3.25&#8243; custom_padding=\u00bb|||\u00bb custom_padding__hover=\u00bb|||\u00bb][et_pb_image src=\u00bbhttp:\/\/www.tigas.com.co\/newsite\/wp-content\/uploads\/2022\/01\/1631551276679-scaled.jpg\u00bb show_bottom_space=\u00bboff\u00bb align=\u00bbcenter\u00bb force_fullwidth=\u00bbon\u00bb align_tablet=\u00bbcenter\u00bb align_phone=\u00bb\u00bb align_last_edited=\u00bbon|desktop\u00bb _builder_version=\u00bb4.4.3&#8243; parallax=\u00bbon\u00bb parallax_method=\u00bboff\u00bb custom_padding=\u00bb|||\u00bb]\u00a0 [\/et_pb_image][\/et_pb_column][\/et_pb_row][et_pb_row _builder_version=\u00bb4.4.3&#8243; background_color=\u00bb#ffffff\u00bb module_alignment=\u00bbcenter\u00bb custom_margin=\u00bb|||\u00bb custom_padding=\u00bb27px|0px|0|0px\u00bb animation_style=\u00bbfade\u00bb animation_delay=\u00bb500ms\u00bb][et_pb_column type=\u00bb4_4&#8243; _builder_version=\u00bb4.4.3&#8243; custom_padding=\u00bb|||\u00bb custom_padding__hover=\u00bb|||\u00bb][et_pb_text _builder_version=\u00bb4.4.3&#8243; text_font=\u00bbComfortaa||||||||\u00bb header_font=\u00bbComfortaa||||||||\u00bb custom_padding=\u00bb25px|25px|25px|25px\u00bb custom_padding_tablet=\u00bb0px||0px|\u00bb custom_padding_phone=\u00bb\u00bb custom_padding_last_edited=\u00bbon|phone\u00bb animation_style=\u00bbfade\u00bb link_option_url=\u00bbhttp:\/\/www.tigas.com.co\/newsite\/18-lac-016-certificado\/\u00bb link_option_url_new_window=\u00bbon\u00bb] En Tecnolog\u00eda Instrumentaci\u00f3n y Gas [&hellip;]<\/p>\n","protected":false},"author":3,"featured_media":2005,"parent":0,"menu_order":0,"comment_status":"closed","ping_status":"closed","template":"","meta":{"_et_pb_use_builder":"on","_et_pb_old_content":"","_et_gb_content_width":"","footnotes":""},"class_list":["post-33","page","type-page","status-publish","has-post-thumbnail","hentry"],"_links":{"self":[{"href":"http:\/\/www.tigas.com.co\/newsite\/wp-json\/wp\/v2\/pages\/33","targetHints":{"allow":["GET"]}}],"collection":[{"href":"http:\/\/www.tigas.com.co\/newsite\/wp-json\/wp\/v2\/pages"}],"about":[{"href":"http:\/\/www.tigas.com.co\/newsite\/wp-json\/wp\/v2\/types\/page"}],"author":[{"embeddable":true,"href":"http:\/\/www.tigas.com.co\/newsite\/wp-json\/wp\/v2\/users\/3"}],"replies":[{"embeddable":true,"href":"http:\/\/www.tigas.com.co\/newsite\/wp-json\/wp\/v2\/comments?post=33"}],"version-history":[{"count":69,"href":"http:\/\/www.tigas.com.co\/newsite\/wp-json\/wp\/v2\/pages\/33\/revisions"}],"predecessor-version":[{"id":2442,"href":"http:\/\/www.tigas.com.co\/newsite\/wp-json\/wp\/v2\/pages\/33\/revisions\/2442"}],"wp:featuredmedia":[{"embeddable":true,"href":"http:\/\/www.tigas.com.co\/newsite\/wp-json\/wp\/v2\/media\/2005"}],"wp:attachment":[{"href":"http:\/\/www.tigas.com.co\/newsite\/wp-json\/wp\/v2\/media?parent=33"}],"curies":[{"name":"wp","href":"https:\/\/api.w.org\/{rel}","templated":true}]}}