{"id":508,"date":"2018-10-25T19:47:32","date_gmt":"2018-10-26T00:47:32","guid":{"rendered":"http:\/\/www.tigas.com.co\/newsite\/?page_id=508"},"modified":"2018-10-25T22:34:39","modified_gmt":"2018-10-26T03:34:39","slug":"politica-de-tratamiento-de-datos","status":"publish","type":"page","link":"http:\/\/www.tigas.com.co\/newsite\/politica-de-tratamiento-de-datos\/","title":{"rendered":"Pol\u00edtica de Tratamiento de Datos"},"content":{"rendered":"<p>[et_pb_section bb_built=\u00bb1&#8243; _builder_version=\u00bb3.0.106&#8243; background_image=\u00bbhttp:\/\/www.tigas.com.co\/newsite\/wp-content\/uploads\/2018\/08\/gas.jpg\u00bb parallax=\u00bbon\u00bb next_background_color=\u00bb#262626&#8243;][et_pb_row custom_padding=\u00bb100px|25px|60px|26px\u00bb background_color=\u00bb#ffffff\u00bb _builder_version=\u00bb3.0.106&#8243; animation_style=\u00bbfade\u00bb][et_pb_column type=\u00bb4_4&#8243;][et_pb_text _builder_version=\u00bb3.0.106&#8243; text_font=\u00bbComfortaa||||||||\u00bb]<\/p>\n<h1 style=\"text-align: center;\">MANUAL DE POL\u00cdTICAS DE TRATAMIENTO Y PROTECCI\u00d3N DE DATOS PERSONALES<\/h1>\n<p>&nbsp;<\/p>\n<p>Dando cumplimiento a lo dispuesto en la ley estatutaria 1581 de 2012, a su Decreto Reglamentario 1377 de 2013 y lo consignado en el art\u00edculo 15 de la Constituci\u00f3n Pol\u00edtica, la sociedad T.I. GAS TECNOLOG\u00cdA INSTRUMENTACI\u00d3N Y GAS S.A.S. adopta el presente manual para el tratamiento de datos personales. De esta manera, dicha sociedad manifiesta que garantiza los derechos a la privacidad, la intimidad y el buen nombre, en el tratamiento de los datos personales, y en consecuencia todas sus actuaciones se regir\u00e1n por los principios de legalidad, nacionalidad, libertad, veracidad o calidad, transparencia, acceso y circulaci\u00f3n restringida, seguridad y confidencialidad.<\/p>\n<p>[\/et_pb_text][\/et_pb_column][\/et_pb_row][et_pb_row custom_margin=\u00bb||0px|\u00bb background_color=\u00bb#ffffff\u00bb _builder_version=\u00bb3.0.106&#8243; animation_style=\u00bbfade\u00bb animation_delay=\u00bb250ms\u00bb custom_padding=\u00bb0||100px|\u00bb][et_pb_column type=\u00bb4_4&#8243;][et_pb_blurb title=\u00bbDescargue aqu\u00ed el archivo\u00bb url=\u00bbhttp:\/\/www.tigas.com.co\/documentos\/POLITICAS_DE_TRATAMIENTO_Y_PROTECCION_DE_DATOS_PERSONALES.pdf\u00bb url_new_window=\u00bbon\u00bb use_icon=\u00bbon\u00bb font_icon=\u00bb%%98%%\u00bb icon_color=\u00bb#e09900&#8243; _builder_version=\u00bb3.0.106&#8243; text_orientation=\u00bbcenter\u00bb]<\/p>\n<p>&nbsp;<\/p>\n<p>[\/et_pb_blurb][\/et_pb_column][\/et_pb_row][\/et_pb_section][et_pb_section bb_built=\u00bb1&#8243; _builder_version=\u00bb3.0.106&#8243; background_color=\u00bb#262626&#8243; prev_background_color=\u00bb#ffffff\u00bb animation_style=\u00bbfade\u00bb global_module=\u00bb201&#8243;][et_pb_row global_parent=\u00bb201&#8243; make_fullwidth=\u00bbon\u00bb _builder_version=\u00bb3.0.106&#8243; animation_style=\u00bbfade\u00bb][et_pb_column type=\u00bb1_3&#8243;][et_pb_blurb admin_label=\u00bbemail\u00bb global_parent=\u00bb201&#8243; title=\u00bbventas@tigas.com.co\u00bb use_icon=\u00bbon\u00bb font_icon=\u00bb%%238%%\u00bb icon_color=\u00bb#e09900&#8243; icon_placement=\u00bbleft\u00bb background_layout=\u00bbdark\u00bb use_icon_font_size=\u00bbon\u00bb icon_font_size=\u00bb27px\u00bb _builder_version=\u00bb3.0.106&#8243; header_font=\u00bbComfortaa||||||||\u00bb header_text_color=\u00bb#e09900&#8243; custom_margin=\u00bb|||\u00bb custom_padding=\u00bb|||\u00bb url=\u00bbmailto:ventas@tigas.com.co\u00bb url_new_window=\u00bboff\u00bb use_circle=\u00bboff\u00bb use_circle_border=\u00bboff\u00bb \/][\/et_pb_column][et_pb_column type=\u00bb1_3&#8243;][et_pb_blurb admin_label=\u00bbtelefono\u00bb global_parent=\u00bb201&#8243; title=\u00bb(+57 4) 270 83 31 &#8211; 332 12 99&#8243; use_icon=\u00bbon\u00bb font_icon=\u00bb%%264%%\u00bb icon_color=\u00bb#e09900&#8243; icon_placement=\u00bbleft\u00bb background_layout=\u00bbdark\u00bb use_icon_font_size=\u00bbon\u00bb icon_font_size=\u00bb27px\u00bb _builder_version=\u00bb3.0.106&#8243; header_font=\u00bbComfortaa||||||||\u00bb header_text_color=\u00bb#e09900&#8243; custom_margin=\u00bb|||\u00bb custom_padding=\u00bb|||\u00bb url_new_window=\u00bboff\u00bb use_circle=\u00bboff\u00bb use_circle_border=\u00bboff\u00bb \/][\/et_pb_column][et_pb_column type=\u00bb1_3&#8243;][et_pb_blurb admin_label=\u00bbdireccion\u00bb global_parent=\u00bb201&#8243; title=\u00bbTransversal 32 A Sur # 33-14 &#8211; Envigado\u00bb use_icon=\u00bbon\u00bb font_icon=\u00bb%%270%%\u00bb icon_color=\u00bb#e09900&#8243; icon_placement=\u00bbleft\u00bb background_layout=\u00bbdark\u00bb use_icon_font_size=\u00bbon\u00bb icon_font_size=\u00bb27px\u00bb _builder_version=\u00bb3.0.106&#8243; header_font=\u00bbComfortaa||||||||\u00bb header_text_color=\u00bb#e09900&#8243; custom_margin=\u00bb|||\u00bb custom_padding=\u00bb|||\u00bb url_new_window=\u00bboff\u00bb use_circle=\u00bboff\u00bb use_circle_border=\u00bboff\u00bb \/][\/et_pb_column][\/et_pb_row][\/et_pb_section]<\/p>\n","protected":false},"excerpt":{"rendered":"<p>[et_pb_section bb_built=\u00bb1&#8243; _builder_version=\u00bb3.0.106&#8243; background_image=\u00bbhttp:\/\/www.tigas.com.co\/newsite\/wp-content\/uploads\/2018\/08\/gas.jpg\u00bb parallax=\u00bbon\u00bb next_background_color=\u00bb#262626&#8243;][et_pb_row custom_padding=\u00bb100px|25px|60px|26px\u00bb background_color=\u00bb#ffffff\u00bb _builder_version=\u00bb3.0.106&#8243; animation_style=\u00bbfade\u00bb][et_pb_column type=\u00bb4_4&#8243;][et_pb_text _builder_version=\u00bb3.0.106&#8243; text_font=\u00bbComfortaa||||||||\u00bb] MANUAL DE POL\u00cdTICAS DE TRATAMIENTO Y PROTECCI\u00d3N DE DATOS PERSONALES &nbsp; Dando cumplimiento a lo dispuesto en la ley estatutaria 1581 de 2012, a su Decreto Reglamentario 1377 de 2013 y lo consignado en el art\u00edculo 15 de la Constituci\u00f3n Pol\u00edtica, la [&hellip;]<\/p>\n","protected":false},"author":3,"featured_media":0,"parent":0,"menu_order":0,"comment_status":"closed","ping_status":"closed","template":"","meta":{"_et_pb_use_builder":"on","_et_pb_old_content":"","_et_gb_content_width":"","footnotes":""},"class_list":["post-508","page","type-page","status-publish","hentry"],"_links":{"self":[{"href":"http:\/\/www.tigas.com.co\/newsite\/wp-json\/wp\/v2\/pages\/508","targetHints":{"allow":["GET"]}}],"collection":[{"href":"http:\/\/www.tigas.com.co\/newsite\/wp-json\/wp\/v2\/pages"}],"about":[{"href":"http:\/\/www.tigas.com.co\/newsite\/wp-json\/wp\/v2\/types\/page"}],"author":[{"embeddable":true,"href":"http:\/\/www.tigas.com.co\/newsite\/wp-json\/wp\/v2\/users\/3"}],"replies":[{"embeddable":true,"href":"http:\/\/www.tigas.com.co\/newsite\/wp-json\/wp\/v2\/comments?post=508"}],"version-history":[{"count":10,"href":"http:\/\/www.tigas.com.co\/newsite\/wp-json\/wp\/v2\/pages\/508\/revisions"}],"predecessor-version":[{"id":520,"href":"http:\/\/www.tigas.com.co\/newsite\/wp-json\/wp\/v2\/pages\/508\/revisions\/520"}],"wp:attachment":[{"href":"http:\/\/www.tigas.com.co\/newsite\/wp-json\/wp\/v2\/media?parent=508"}],"curies":[{"name":"wp","href":"https:\/\/api.w.org\/{rel}","templated":true}]}}