{"id":7,"date":"2018-08-11T04:50:14","date_gmt":"2018-08-11T04:50:14","guid":{"rendered":"http:\/\/www.tigas.com.co\/newsite\/?page_id=7"},"modified":"2020-11-19T08:09:44","modified_gmt":"2020-11-19T13:09:44","slug":"index","status":"publish","type":"page","link":"http:\/\/www.tigas.com.co\/newsite\/","title":{"rendered":"index"},"content":{"rendered":"\n[et_pb_section fb_built=\u00bb1&#8243; _builder_version=\u00bb3.22.3&#8243; background_image=\u00bbhttp:\/\/www.tigas.com.co\/newsite\/wp-content\/uploads\/2018\/08\/gas.jpg\u00bb parallax=\u00bbon\u00bb parallax_method=\u00bboff\u00bb fb_built=\u00bb1&#8243; _i=\u00bb0&#8243; _address=\u00bb0&#8243;][et_pb_row _builder_version=\u00bb3.25&#8243; parallax=\u00bbon\u00bb _i=\u00bb0&#8243; _address=\u00bb0.0&#8243;][et_pb_column type=\u00bb4_4&#8243; _builder_version=\u00bb3.25&#8243; custom_padding=\u00bb|||\u00bb _i=\u00bb0&#8243; _address=\u00bb0.0.0&#8243; custom_padding__hover=\u00bb|||\u00bb][et_pb_slider show_arrows=\u00bboff\u00bb show_pagination=\u00bboff\u00bb _builder_version=\u00bb3.28&#8243; custom_padding=\u00bb152px|||||\u00bb animation_style=\u00bbfade\u00bb animation_duration=\u00bb500ms\u00bb auto=\u00bbon\u00bb auto_speed=\u00bb4000&#8243; auto_ignore_hover=\u00bbon\u00bb global_module=\u00bb1149&#8243; saved_tabs=\u00bball\u00bb button_text_size__hover_enabled=\u00bboff\u00bb button_one_text_size__hover_enabled=\u00bboff\u00bb button_two_text_size__hover_enabled=\u00bboff\u00bb button_text_color__hover_enabled=\u00bboff\u00bb button_one_text_color__hover_enabled=\u00bboff\u00bb button_two_text_color__hover_enabled=\u00bboff\u00bb button_border_width__hover_enabled=\u00bboff\u00bb button_one_border_width__hover_enabled=\u00bboff\u00bb button_two_border_width__hover_enabled=\u00bboff\u00bb button_border_color__hover_enabled=\u00bboff\u00bb button_one_border_color__hover_enabled=\u00bboff\u00bb button_two_border_color__hover_enabled=\u00bboff\u00bb button_border_radius__hover_enabled=\u00bboff\u00bb button_one_border_radius__hover_enabled=\u00bboff\u00bb button_two_border_radius__hover_enabled=\u00bboff\u00bb button_letter_spacing__hover_enabled=\u00bboff\u00bb button_one_letter_spacing__hover_enabled=\u00bboff\u00bb button_two_letter_spacing__hover_enabled=\u00bboff\u00bb button_bg_color__hover_enabled=\u00bboff\u00bb button_one_bg_color__hover_enabled=\u00bboff\u00bb button_two_bg_color__hover_enabled=\u00bboff\u00bb _i=\u00bb0&#8243; _address=\u00bb0.0.0.0&#8243;][et_pb_slide use_bg_overlay=\u00bboff\u00bb use_text_overlay=\u00bboff\u00bb _builder_version=\u00bb3.16&#8243; background_color=\u00bb#ffffff\u00bb background_image=\u00bbhttp:\/\/www.tigas.com.co\/newsite\/wp-content\/uploads\/2018\/08\/banner_inicio1.jpg\u00bb button_text_size__hover_enabled=\u00bboff\u00bb button_one_text_size__hover_enabled=\u00bboff\u00bb button_two_text_size__hover_enabled=\u00bboff\u00bb button_text_color__hover_enabled=\u00bboff\u00bb button_one_text_color__hover_enabled=\u00bboff\u00bb button_two_text_color__hover_enabled=\u00bboff\u00bb button_border_width__hover_enabled=\u00bboff\u00bb button_one_border_width__hover_enabled=\u00bboff\u00bb button_two_border_width__hover_enabled=\u00bboff\u00bb button_border_color__hover_enabled=\u00bboff\u00bb button_one_border_color__hover_enabled=\u00bboff\u00bb button_two_border_color__hover_enabled=\u00bboff\u00bb button_border_radius__hover_enabled=\u00bboff\u00bb button_one_border_radius__hover_enabled=\u00bboff\u00bb button_two_border_radius__hover_enabled=\u00bboff\u00bb button_letter_spacing__hover_enabled=\u00bboff\u00bb button_one_letter_spacing__hover_enabled=\u00bboff\u00bb button_two_letter_spacing__hover_enabled=\u00bboff\u00bb button_bg_color__hover_enabled=\u00bboff\u00bb button_one_bg_color__hover_enabled=\u00bboff\u00bb button_two_bg_color__hover_enabled=\u00bboff\u00bb _i=\u00bb0&#8243; _address=\u00bb0.0.0.0.0&#8243;][\/et_pb_slide][et_pb_slide use_bg_overlay=\u00bboff\u00bb use_text_overlay=\u00bboff\u00bb _builder_version=\u00bb3.16&#8243; background_color=\u00bb#ffffff\u00bb background_image=\u00bbhttp:\/\/www.tigas.com.co\/newsite\/wp-content\/uploads\/2018\/08\/banner_inicio2-1.jpg\u00bb button_text_size__hover_enabled=\u00bboff\u00bb button_one_text_size__hover_enabled=\u00bboff\u00bb button_two_text_size__hover_enabled=\u00bboff\u00bb button_text_color__hover_enabled=\u00bboff\u00bb button_one_text_color__hover_enabled=\u00bboff\u00bb button_two_text_color__hover_enabled=\u00bboff\u00bb button_border_width__hover_enabled=\u00bboff\u00bb button_one_border_width__hover_enabled=\u00bboff\u00bb button_two_border_width__hover_enabled=\u00bboff\u00bb button_border_color__hover_enabled=\u00bboff\u00bb button_one_border_color__hover_enabled=\u00bboff\u00bb button_two_border_color__hover_enabled=\u00bboff\u00bb button_border_radius__hover_enabled=\u00bboff\u00bb button_one_border_radius__hover_enabled=\u00bboff\u00bb button_two_border_radius__hover_enabled=\u00bboff\u00bb button_letter_spacing__hover_enabled=\u00bboff\u00bb button_one_letter_spacing__hover_enabled=\u00bboff\u00bb button_two_letter_spacing__hover_enabled=\u00bboff\u00bb button_bg_color__hover_enabled=\u00bboff\u00bb button_one_bg_color__hover_enabled=\u00bboff\u00bb button_two_bg_color__hover_enabled=\u00bboff\u00bb _i=\u00bb1&#8243; _address=\u00bb0.0.0.0.1&#8243;][\/et_pb_slide][et_pb_slide use_bg_overlay=\u00bboff\u00bb use_text_overlay=\u00bboff\u00bb _builder_version=\u00bb3.22.5&#8243; background_color=\u00bb#ffffff\u00bb background_image=\u00bbhttp:\/\/www.tigas.com.co\/newsite\/wp-content\/uploads\/2018\/11\/banner_inicio3.jpg\u00bb button_on_hover=\u00bbon\u00bb button_text_size__hover_enabled=\u00bboff\u00bb button_one_text_size__hover_enabled=\u00bboff\u00bb button_two_text_size__hover_enabled=\u00bboff\u00bb button_text_color__hover_enabled=\u00bboff\u00bb button_one_text_color__hover_enabled=\u00bboff\u00bb button_two_text_color__hover_enabled=\u00bboff\u00bb button_border_width__hover_enabled=\u00bboff\u00bb button_one_border_width__hover_enabled=\u00bboff\u00bb button_two_border_width__hover_enabled=\u00bboff\u00bb button_border_color__hover_enabled=\u00bboff\u00bb button_one_border_color__hover_enabled=\u00bboff\u00bb button_two_border_color__hover_enabled=\u00bboff\u00bb button_border_radius__hover_enabled=\u00bboff\u00bb button_one_border_radius__hover_enabled=\u00bboff\u00bb button_two_border_radius__hover_enabled=\u00bboff\u00bb button_letter_spacing__hover_enabled=\u00bboff\u00bb button_one_letter_spacing__hover_enabled=\u00bboff\u00bb button_two_letter_spacing__hover_enabled=\u00bboff\u00bb button_bg_color__hover_enabled=\u00bboff\u00bb button_one_bg_color__hover_enabled=\u00bboff\u00bb button_two_bg_color__hover_enabled=\u00bboff\u00bb _i=\u00bb2&#8243; _address=\u00bb0.0.0.0.2&#8243;][\/et_pb_slide][et_pb_slide use_bg_overlay=\u00bboff\u00bb use_text_overlay=\u00bboff\u00bb _builder_version=\u00bb3.28&#8243; background_color=\u00bb#ffffff\u00bb background_image=\u00bbhttp:\/\/www.tigas.com.co\/newsite\/wp-content\/uploads\/2019\/10\/banner_inicio4.jpg\u00bb background_enable_image=\u00bbon\u00bb button_on_hover=\u00bbon\u00bb button_text_size__hover_enabled=\u00bboff\u00bb button_one_text_size__hover_enabled=\u00bboff\u00bb button_two_text_size__hover_enabled=\u00bboff\u00bb button_text_color__hover_enabled=\u00bboff\u00bb button_one_text_color__hover_enabled=\u00bboff\u00bb button_two_text_color__hover_enabled=\u00bboff\u00bb button_border_width__hover_enabled=\u00bboff\u00bb button_one_border_width__hover_enabled=\u00bboff\u00bb button_two_border_width__hover_enabled=\u00bboff\u00bb button_border_color__hover_enabled=\u00bboff\u00bb button_one_border_color__hover_enabled=\u00bboff\u00bb button_two_border_color__hover_enabled=\u00bboff\u00bb button_border_radius__hover_enabled=\u00bboff\u00bb button_one_border_radius__hover_enabled=\u00bboff\u00bb button_two_border_radius__hover_enabled=\u00bboff\u00bb button_letter_spacing__hover_enabled=\u00bboff\u00bb button_one_letter_spacing__hover_enabled=\u00bboff\u00bb button_two_letter_spacing__hover_enabled=\u00bboff\u00bb button_bg_color__hover_enabled=\u00bboff\u00bb button_one_bg_color__hover_enabled=\u00bboff\u00bb button_two_bg_color__hover_enabled=\u00bboff\u00bb _i=\u00bb3&#8243; _address=\u00bb0.0.0.0.3&#8243;][\/et_pb_slide][et_pb_slide use_bg_overlay=\u00bboff\u00bb use_text_overlay=\u00bboff\u00bb _builder_version=\u00bb3.22.5&#8243; background_color=\u00bb#ffffff\u00bb background_image=\u00bbhttp:\/\/www.tigas.com.co\/newsite\/wp-content\/uploads\/2019\/03\/banner_inicio5.jpg\u00bb button_on_hover=\u00bbon\u00bb button_text_size__hover_enabled=\u00bboff\u00bb button_one_text_size__hover_enabled=\u00bboff\u00bb button_two_text_size__hover_enabled=\u00bboff\u00bb button_text_color__hover_enabled=\u00bboff\u00bb button_one_text_color__hover_enabled=\u00bboff\u00bb button_two_text_color__hover_enabled=\u00bboff\u00bb button_border_width__hover_enabled=\u00bboff\u00bb button_one_border_width__hover_enabled=\u00bboff\u00bb button_two_border_width__hover_enabled=\u00bboff\u00bb button_border_color__hover_enabled=\u00bboff\u00bb button_one_border_color__hover_enabled=\u00bboff\u00bb button_two_border_color__hover_enabled=\u00bboff\u00bb button_border_radius__hover_enabled=\u00bboff\u00bb button_one_border_radius__hover_enabled=\u00bboff\u00bb button_two_border_radius__hover_enabled=\u00bboff\u00bb button_letter_spacing__hover_enabled=\u00bboff\u00bb button_one_letter_spacing__hover_enabled=\u00bboff\u00bb button_two_letter_spacing__hover_enabled=\u00bboff\u00bb button_bg_color__hover_enabled=\u00bboff\u00bb button_one_bg_color__hover_enabled=\u00bboff\u00bb button_two_bg_color__hover_enabled=\u00bboff\u00bb _i=\u00bb4&#8243; _address=\u00bb0.0.0.0.4&#8243;][\/et_pb_slide][et_pb_slide use_bg_overlay=\u00bboff\u00bb use_text_overlay=\u00bboff\u00bb _builder_version=\u00bb3.22.5&#8243; background_color=\u00bb#ffffff\u00bb background_image=\u00bbhttp:\/\/www.tigas.com.co\/newsite\/wp-content\/uploads\/2019\/10\/banner_inicio_4A.jpg\u00bb button_on_hover=\u00bbon\u00bb custom_padding=\u00bb|||\u00bb button_text_size__hover_enabled=\u00bboff\u00bb button_one_text_size__hover_enabled=\u00bboff\u00bb button_two_text_size__hover_enabled=\u00bboff\u00bb button_text_color__hover_enabled=\u00bboff\u00bb button_one_text_color__hover_enabled=\u00bboff\u00bb button_two_text_color__hover_enabled=\u00bboff\u00bb button_border_width__hover_enabled=\u00bboff\u00bb button_one_border_width__hover_enabled=\u00bboff\u00bb button_two_border_width__hover_enabled=\u00bboff\u00bb button_border_color__hover_enabled=\u00bboff\u00bb button_one_border_color__hover_enabled=\u00bboff\u00bb button_two_border_color__hover_enabled=\u00bboff\u00bb button_border_radius__hover_enabled=\u00bboff\u00bb button_one_border_radius__hover_enabled=\u00bboff\u00bb button_two_border_radius__hover_enabled=\u00bboff\u00bb button_letter_spacing__hover_enabled=\u00bboff\u00bb button_one_letter_spacing__hover_enabled=\u00bboff\u00bb button_two_letter_spacing__hover_enabled=\u00bboff\u00bb button_bg_color__hover_enabled=\u00bboff\u00bb button_one_bg_color__hover_enabled=\u00bboff\u00bb button_two_bg_color__hover_enabled=\u00bboff\u00bb _i=\u00bb5&#8243; _address=\u00bb0.0.0.0.5&#8243;][\/et_pb_slide][\/et_pb_slider][\/et_pb_column][\/et_pb_row][et_pb_row _builder_version=\u00bb3.25&#8243; background_size=\u00bbinitial\u00bb background_position=\u00bbtop_left\u00bb background_repeat=\u00bbrepeat\u00bb custom_padding=\u00bb0|0px|27px|0px\u00bb _i=\u00bb1&#8243; _address=\u00bb0.1&#8243;][et_pb_column type=\u00bb4_4&#8243; _builder_version=\u00bb3.25&#8243; custom_padding=\u00bb|||\u00bb _i=\u00bb0&#8243; _address=\u00bb0.1.0&#8243; custom_padding__hover=\u00bb|||\u00bb][et_pb_text _builder_version=\u00bb3.27.4&#8243; text_font=\u00bbComfortaa||||||||\u00bb header_font=\u00bbComfortaa||||||||\u00bb background_color=\u00bbrgba(255,255,255,0.9)\u00bb custom_padding=\u00bb25px|25px|25px|25px\u00bb animation_style=\u00bbfade\u00bb animation_delay=\u00bb500ms\u00bb _i=\u00bb0&#8243; _address=\u00bb0.1.0.0&#8243;]Somos una empresa especializada en el suministro de equipos para gas, tenemos un amplio cat\u00e1logo de productos que suplen las necesidades desde hogares hasta grandes industrias.\r\n\r\nNuestro compromiso es acompa\u00f1ar a nuestros clientes con la m\u00e1s completa informaci\u00f3n y soporte, lo que nos califica como el socio ideal para el instalador de redes y el distribuidor de gas natural y GLP.\r\n\r\nTI GAS fue creada en 2003 con el fin de llenar el gran vac\u00edo existente en la industria del gas, palpable ante la falta de opciones de equipos con diferentes sistemas de protecci\u00f3n y grados de precisi\u00f3n, vac\u00edos que hemos venido llenando progresivamente con equipos de la mejor calidad y precios competitivos, para utilizar el equipo adecuado para cada necesidad.\r[\/et_pb_text][\/et_pb_column][\/et_pb_row][et_pb_row _builder_version=\u00bb3.25&#8243; custom_padding=\u00bb0|0px|0|0px\u00bb _i=\u00bb2&#8243; _address=\u00bb0.2&#8243;][et_pb_column type=\u00bb4_4&#8243; _builder_version=\u00bb3.25&#8243; custom_padding=\u00bb|||\u00bb _i=\u00bb0&#8243; _address=\u00bb0.2.0&#8243; custom_padding__hover=\u00bb|||\u00bb][et_pb_text _builder_version=\u00bb3.27.4&#8243; header_font=\u00bb||||||||\u00bb background_color=\u00bb#ffffff\u00bb custom_padding=\u00bb25px||25px|\u00bb animation_style=\u00bbfade\u00bb animation_delay=\u00bb700ms\u00bb header_text_shadow_style=\u00bbpreset2&#8243; _i=\u00bb0&#8243; _address=\u00bb0.2.0.0&#8243;]<h1 style=\"text-align: center;\">NUESTRAS SOLUCIONES<\/h1>\r[\/et_pb_text][\/et_pb_column][\/et_pb_row][et_pb_row column_structure=\u00bb1_4,1_4,1_4,1_4&#8243; _builder_version=\u00bb3.28&#8243; background_color=\u00bb#ffffff\u00bb custom_margin=\u00bb||||false|false\u00bb custom_padding=\u00bb30px|10px|27px|10px|false|false\u00bb animation_style=\u00bbfade\u00bb animation_delay=\u00bb850ms\u00bb _i=\u00bb3&#8243; _address=\u00bb0.3&#8243;][et_pb_column type=\u00bb1_4&#8243; _builder_version=\u00bb3.25&#8243; background_color=\u00bb#ffffff\u00bb custom_padding=\u00bb|||\u00bb _i=\u00bb0&#8243; _address=\u00bb0.3.0&#8243; custom_padding__hover=\u00bb|||\u00bb][et_pb_blurb title=\u00bbMedici\u00f3n\u00bb url=\u00bbhttp:\/\/www.tigas.com.co\/newsite\/medicion\/\u00bb use_icon=\u00bbon\u00bb font_icon=\u00bb%%285%%\u00bb icon_color=\u00bb#e09900&#8243; use_icon_font_size=\u00bbon\u00bb icon_font_size=\u00bb75px\u00bb admin_label=\u00bbMedici\u00f3n\u00bb _builder_version=\u00bb3.28&#8243; header_level=\u00bbh1&#8243; header_font=\u00bbComfortaa||||||||\u00bb background_color=\u00bb#ffffff\u00bb text_orientation=\u00bbcenter\u00bb custom_margin=\u00bb||||false|false\u00bb custom_padding=\u00bb10px||28px|\u00bb box_shadow_style=\u00bbpreset2&#8243; _i=\u00bb0&#8243; _address=\u00bb0.3.0.0&#8243;][\/et_pb_blurb][et_pb_blurb title=\u00bbCalentamiento de agua\u00bb url=\u00bbhttp:\/\/www.tigas.com.co\/newsite\/calentamiento\/\u00bb use_icon=\u00bbon\u00bb font_icon=\u00bb%%182%%\u00bb icon_color=\u00bb#e09900&#8243; use_icon_font_size=\u00bbon\u00bb icon_font_size=\u00bb75px\u00bb admin_label=\u00bbAccesorios\u00bb _builder_version=\u00bb3.28&#8243; header_level=\u00bbh1&#8243; header_font=\u00bbComfortaa||||||||\u00bb background_color=\u00bb#ffffff\u00bb text_orientation=\u00bbcenter\u00bb custom_padding=\u00bb10px||||false|false\u00bb hover_enabled=\u00bb0&#8243; box_shadow_style=\u00bbpreset2&#8243; _i=\u00bb1&#8243; _address=\u00bb0.3.0.1&#8243;][\/et_pb_blurb][et_pb_blurb title=\u00bbBancos de Calibraci\u00f3n\u00bb url=\u00bbhttp:\/\/www.tigas.com.co\/newsite\/bancos-de-calibracion\/\u00bb use_icon=\u00bbon\u00bb font_icon=\u00bb%%176%%\u00bb icon_color=\u00bb#e09900&#8243; use_icon_font_size=\u00bbon\u00bb icon_font_size=\u00bb75px\u00bb admin_label=\u00bbBancos de Calibraci\u00f3n\u00bb _builder_version=\u00bb3.28&#8243; header_level=\u00bbh1&#8243; header_font=\u00bbComfortaa||||||||\u00bb background_color=\u00bb#ffffff\u00bb text_orientation=\u00bbcenter\u00bb custom_margin=\u00bb||||false|false\u00bb custom_padding=\u00bb10px||||false|false\u00bb hover_enabled=\u00bb0&#8243; box_shadow_style=\u00bbpreset2&#8243; _i=\u00bb2&#8243; _address=\u00bb0.3.0.2&#8243;][\/et_pb_blurb][\/et_pb_column][et_pb_column type=\u00bb1_4&#8243; _builder_version=\u00bb3.25&#8243; custom_padding=\u00bb|||\u00bb _i=\u00bb1&#8243; _address=\u00bb0.3.1&#8243; custom_padding__hover=\u00bb|||\u00bb][et_pb_blurb title=\u00bbRegulaci\u00f3n\u00bb url=\u00bbhttp:\/\/www.tigas.com.co\/newsite\/regulacion\/\u00bb use_icon=\u00bbon\u00bb font_icon=\u00bb%%202%%\u00bb icon_color=\u00bb#e09900&#8243; use_icon_font_size=\u00bbon\u00bb icon_font_size=\u00bb75px\u00bb admin_label=\u00bbRegulaci\u00f3n\u00bb _builder_version=\u00bb3.28&#8243; header_level=\u00bbh1&#8243; header_font=\u00bbComfortaa||||||||\u00bb background_color=\u00bb#ffffff\u00bb text_orientation=\u00bbcenter\u00bb custom_margin=\u00bb|||\u00bb custom_padding=\u00bb10px||28px|\u00bb box_shadow_style=\u00bbpreset2&#8243; _i=\u00bb0&#8243; _address=\u00bb0.3.1.0&#8243;][\/et_pb_blurb][et_pb_blurb title=\u00bbFiltraci\u00f3n\u00bb url=\u00bbhttp:\/\/www.tigas.com.co\/newsite\/filtracion\/\u00bb use_icon=\u00bbon\u00bb font_icon=\u00bb%%204%%\u00bb icon_color=\u00bb#e09900&#8243; use_icon_font_size=\u00bbon\u00bb icon_font_size=\u00bb75px\u00bb admin_label=\u00bbAccesorios\u00bb _builder_version=\u00bb3.28&#8243; header_level=\u00bbh1&#8243; header_font=\u00bbComfortaa||||||||\u00bb background_color=\u00bb#ffffff\u00bb text_orientation=\u00bbcenter\u00bb custom_margin=\u00bb||||false|false\u00bb custom_padding=\u00bb10px||28px|\u00bb box_shadow_style=\u00bbpreset2&#8243; _i=\u00bb1&#8243; _address=\u00bb0.3.1.1&#8243;][\/et_pb_blurb][\/et_pb_column][et_pb_column type=\u00bb1_4&#8243; _builder_version=\u00bb3.25&#8243; custom_padding=\u00bb|||\u00bb _i=\u00bb2&#8243; _address=\u00bb0.3.2&#8243; custom_padding__hover=\u00bb|||\u00bb][et_pb_blurb title=\u00bbSeguridad\u00bb url=\u00bbhttp:\/\/www.tigas.com.co\/newsite\/seguridad\/\u00bb use_icon=\u00bbon\u00bb font_icon=\u00bb%%228%%\u00bb icon_color=\u00bb#e09900&#8243; use_icon_font_size=\u00bbon\u00bb icon_font_size=\u00bb75px\u00bb admin_label=\u00bbSeguridad\u00bb _builder_version=\u00bb3.28&#8243; header_level=\u00bbh1&#8243; header_font=\u00bbComfortaa||||||||\u00bb background_color=\u00bb#ffffff\u00bb text_orientation=\u00bbcenter\u00bb custom_margin=\u00bb||||false|false\u00bb custom_padding=\u00bb10px||28px|\u00bb box_shadow_style=\u00bbpreset2&#8243; _i=\u00bb0&#8243; _address=\u00bb0.3.2.0&#8243;][\/et_pb_blurb][et_pb_blurb title=\u00bbEstaciones de Regulaci\u00f3n y Medici\u00f3n\u00bb url=\u00bbhttp:\/\/www.tigas.com.co\/newsite\/estaciones\/\u00bb use_icon=\u00bbon\u00bb font_icon=\u00bb%%269%%\u00bb icon_color=\u00bb#e09900&#8243; use_icon_font_size=\u00bbon\u00bb icon_font_size=\u00bb75px\u00bb admin_label=\u00bbEstaciones de regulaci\u00f3n y medici\u00f3n\u00bb _builder_version=\u00bb3.0.106&#8243; header_level=\u00bbh1&#8243; header_font=\u00bbComfortaa||||||||\u00bb background_color=\u00bb#ffffff\u00bb text_orientation=\u00bbcenter\u00bb custom_margin=\u00bb|||\u00bb custom_padding=\u00bb10px|||\u00bb box_shadow_style=\u00bbpreset2&#8243; _i=\u00bb1&#8243; _address=\u00bb0.3.2.1&#8243;][\/et_pb_blurb][\/et_pb_column][et_pb_column type=\u00bb1_4&#8243; _builder_version=\u00bb3.25&#8243; custom_padding=\u00bb|||\u00bb _i=\u00bb3&#8243; _address=\u00bb0.3.3&#8243; custom_padding__hover=\u00bb|||\u00bb][et_pb_blurb title=\u00bbCombusti\u00f3n\u00bb url=\u00bbhttp:\/\/www.tigas.com.co\/newsite\/combustion\/\u00bb use_icon=\u00bbon\u00bb font_icon=\u00bb%%219%%\u00bb icon_color=\u00bb#e09900&#8243; use_icon_font_size=\u00bbon\u00bb icon_font_size=\u00bb75px\u00bb admin_label=\u00bbCombusti\u00f3n\u00bb _builder_version=\u00bb3.28&#8243; header_level=\u00bbh1&#8243; header_font=\u00bbComfortaa||||||||\u00bb background_color=\u00bb#ffffff\u00bb text_orientation=\u00bbcenter\u00bb custom_margin=\u00bb||||false|false\u00bb custom_padding=\u00bb10px||28px|\u00bb box_shadow_style=\u00bbpreset2&#8243; _i=\u00bb0&#8243; _address=\u00bb0.3.3.0&#8243;][\/et_pb_blurb][et_pb_blurb title=\u00bbAccesorios\u00bb url=\u00bbhttp:\/\/www.tigas.com.co\/newsite\/accesorios\/\u00bb use_icon=\u00bbon\u00bb font_icon=\u00bb%%173%%\u00bb icon_color=\u00bb#e09900&#8243; use_icon_font_size=\u00bbon\u00bb icon_font_size=\u00bb75px\u00bb admin_label=\u00bbAccesorios\u00bb _builder_version=\u00bb3.28&#8243; header_level=\u00bbh1&#8243; header_font=\u00bbComfortaa||||||||\u00bb background_color=\u00bb#ffffff\u00bb text_orientation=\u00bbcenter\u00bb custom_margin=\u00bb|||0px|false|false\u00bb custom_padding=\u00bb10px||28px|\u00bb box_shadow_style=\u00bbpreset2&#8243; _i=\u00bb1&#8243; _address=\u00bb0.3.3.1&#8243;][\/et_pb_blurb][\/et_pb_column][\/et_pb_row][et_pb_row _builder_version=\u00bb3.25&#8243; custom_margin=\u00bb25px|||\u00bb custom_padding=\u00bb0|0px|0|0px\u00bb animation_style=\u00bbfade\u00bb animation_delay=\u00bb1000ms\u00bb _i=\u00bb4&#8243; _address=\u00bb0.4&#8243;][et_pb_column type=\u00bb4_4&#8243; _builder_version=\u00bb3.25&#8243; background_color=\u00bb#ffffff\u00bb custom_padding=\u00bb|||\u00bb _i=\u00bb0&#8243; _address=\u00bb0.4.0&#8243; custom_padding__hover=\u00bb|||\u00bb][et_pb_code text_orientation=\u00bbcenter\u00bb _i=\u00bb0&#8243; _address=\u00bb0.4.0.0&#8243;]<iframe loading=\"lazy\" src=\"https:\/\/www.google.com\/maps\/embed?pb=!1m18!1m12!1m3!1d5609.715287353057!2d-75.58955343724534!3d6.175219755439253!2m3!1f0!2f0!3f0!3m2!1i1024!2i768!4f13.1!3m3!1m2!1s0x0%3A0xf3774f8744826b52!2sT.I.+Gas+S.A.S.!5e0!3m2!1ses-419!2sco!4v1552083133943\" width=\"1080\" height=\"480\" frameborder=\"0\" style=\"border:0\" allowfullscreen><\/iframe>[\/et_pb_code][\/et_pb_column][\/et_pb_row][\/et_pb_section][et_pb_section fb_built=\u00bb1&#8243; _builder_version=\u00bb3.0.106&#8243; background_color=\u00bb#262626&#8243; animation_style=\u00bbfade\u00bb global_module=\u00bb201&#8243; fb_built=\u00bb1&#8243; _i=\u00bb1&#8243; _address=\u00bb1&#8243;][et_pb_row column_structure=\u00bb1_4,1_4,1_4,1_4&#8243; module_class=\u00bb et_pb_row_fullwidth\u00bb _builder_version=\u00bb3.25&#8243; width=\u00bb89%\u00bb width_tablet=\u00bb80%\u00bb width_last_edited=\u00bbon|desktop\u00bb max_width=\u00bb89%\u00bb max_width_tablet=\u00bb80%\u00bb max_width_last_edited=\u00bbon|desktop\u00bb animation_style=\u00bbfade\u00bb make_fullwidth=\u00bbon\u00bb _i=\u00bb0&#8243; _address=\u00bb1.0&#8243;][et_pb_column type=\u00bb1_4&#8243; _builder_version=\u00bb3.25&#8243; custom_padding=\u00bb|||\u00bb _i=\u00bb0&#8243; _address=\u00bb1.0.0&#8243; custom_padding__hover=\u00bb|||\u00bb][et_pb_blurb title=\u00bbventas@tigas.com.co\u00bb url=\u00bbmailto:ventas@tigas.com.co\u00bb use_icon=\u00bbon\u00bb font_icon=\u00bb%%238%%\u00bb icon_color=\u00bb#e09900&#8243; icon_placement=\u00bbleft\u00bb use_icon_font_size=\u00bbon\u00bb icon_font_size=\u00bb27px\u00bb admin_label=\u00bbemail\u00bb _builder_version=\u00bb3.0.106&#8243; header_font=\u00bbComfortaa||||||||\u00bb header_text_color=\u00bb#e09900&#8243; background_layout=\u00bbdark\u00bb custom_margin=\u00bb|||\u00bb custom_padding=\u00bb|||\u00bb _i=\u00bb0&#8243; _address=\u00bb1.0.0.0&#8243;][\/et_pb_blurb][\/et_pb_column][et_pb_column type=\u00bb1_4&#8243; _builder_version=\u00bb3.25&#8243; custom_padding=\u00bb|||\u00bb _i=\u00bb1&#8243; _address=\u00bb1.0.1&#8243; custom_padding__hover=\u00bb|||\u00bb][et_pb_blurb title=\u00bb(+57 4) 444 58 27&#8243; use_icon=\u00bbon\u00bb font_icon=\u00bb%%264%%\u00bb icon_color=\u00bb#e09900&#8243; icon_placement=\u00bbleft\u00bb use_icon_font_size=\u00bbon\u00bb icon_font_size=\u00bb27px\u00bb admin_label=\u00bbtelefono\u00bb _builder_version=\u00bb3.22.5&#8243; header_font=\u00bbComfortaa||||||||\u00bb header_text_color=\u00bb#e09900&#8243; background_layout=\u00bbdark\u00bb custom_margin=\u00bb|||\u00bb custom_padding=\u00bb|||\u00bb _i=\u00bb0&#8243; _address=\u00bb1.0.1.0&#8243;][\/et_pb_blurb][\/et_pb_column][et_pb_column type=\u00bb1_4&#8243; _builder_version=\u00bb3.25&#8243; custom_padding=\u00bb|||\u00bb _i=\u00bb2&#8243; _address=\u00bb1.0.2&#8243; custom_padding__hover=\u00bb|||\u00bb][et_pb_blurb title=\u00bbTransversal 32 A Sur # 33-14 &#8211; Envigado\u00bb use_icon=\u00bbon\u00bb font_icon=\u00bb%%270%%\u00bb icon_color=\u00bb#e09900&#8243; icon_placement=\u00bbleft\u00bb use_icon_font_size=\u00bbon\u00bb icon_font_size=\u00bb27px\u00bb admin_label=\u00bbdireccion\u00bb _builder_version=\u00bb3.0.106&#8243; header_font=\u00bbComfortaa||||||||\u00bb header_text_color=\u00bb#e09900&#8243; background_layout=\u00bbdark\u00bb custom_margin=\u00bb|||\u00bb custom_padding=\u00bb|||\u00bb _i=\u00bb0&#8243; _address=\u00bb1.0.2.0&#8243;][\/et_pb_blurb][\/et_pb_column][et_pb_column type=\u00bb1_4&#8243; _builder_version=\u00bb3.25&#8243; custom_padding=\u00bb|||\u00bb _i=\u00bb3&#8243; _address=\u00bb1.0.3&#8243; custom_padding__hover=\u00bb|||\u00bb][et_pb_blurb title=\u00bbConozca nuestra pol\u00edtica de tratamiento de datos\u00bb url=\u00bbhttp:\/\/www.tigas.com.co\/newsite\/politica-de-tratamiento-de-datos\/\u00bb use_icon=\u00bbon\u00bb font_icon=\u00bb%%98%%\u00bb icon_color=\u00bb#e09900&#8243; icon_placement=\u00bbleft\u00bb use_icon_font_size=\u00bbon\u00bb icon_font_size=\u00bb27px\u00bb admin_label=\u00bbpol\u00edtica de tratamiento de datos\u00bb _builder_version=\u00bb3.0.106&#8243; header_font=\u00bbComfortaa||||||||\u00bb header_text_color=\u00bb#e09900&#8243; background_layout=\u00bbdark\u00bb custom_margin=\u00bb|||\u00bb custom_padding=\u00bb|||\u00bb _i=\u00bb0&#8243; _address=\u00bb1.0.3.0&#8243;][\/et_pb_blurb][\/et_pb_column][\/et_pb_row][\/et_pb_section]\n","protected":false},"excerpt":{"rendered":"","protected":false},"author":3,"featured_media":1980,"parent":0,"menu_order":0,"comment_status":"closed","ping_status":"closed","template":"","meta":{"_et_pb_use_builder":"on","_et_pb_old_content":"","_et_gb_content_width":"","footnotes":""},"class_list":["post-7","page","type-page","status-publish","has-post-thumbnail","hentry"],"_links":{"self":[{"href":"http:\/\/www.tigas.com.co\/newsite\/wp-json\/wp\/v2\/pages\/7","targetHints":{"allow":["GET"]}}],"collection":[{"href":"http:\/\/www.tigas.com.co\/newsite\/wp-json\/wp\/v2\/pages"}],"about":[{"href":"http:\/\/www.tigas.com.co\/newsite\/wp-json\/wp\/v2\/types\/page"}],"author":[{"embeddable":true,"href":"http:\/\/www.tigas.com.co\/newsite\/wp-json\/wp\/v2\/users\/3"}],"replies":[{"embeddable":true,"href":"http:\/\/www.tigas.com.co\/newsite\/wp-json\/wp\/v2\/comments?post=7"}],"version-history":[{"count":103,"href":"http:\/\/www.tigas.com.co\/newsite\/wp-json\/wp\/v2\/pages\/7\/revisions"}],"predecessor-version":[{"id":1981,"href":"http:\/\/www.tigas.com.co\/newsite\/wp-json\/wp\/v2\/pages\/7\/revisions\/1981"}],"wp:featuredmedia":[{"embeddable":true,"href":"http:\/\/www.tigas.com.co\/newsite\/wp-json\/wp\/v2\/media\/1980"}],"wp:attachment":[{"href":"http:\/\/www.tigas.com.co\/newsite\/wp-json\/wp\/v2\/media?parent=7"}],"curies":[{"name":"wp","href":"https:\/\/api.w.org\/{rel}","templated":true}]}}